{"id":810,"date":"2024-09-12T08:51:49","date_gmt":"2024-09-12T08:51:49","guid":{"rendered":"https:\/\/polmarco.pl\/?page_id=810"},"modified":"2024-09-12T08:54:12","modified_gmt":"2024-09-12T08:54:12","slug":"pcon-planner","status":"publish","type":"page","link":"https:\/\/polmarco.pl\/en\/pcon-planner\/","title":{"rendered":"pCon.planner"},"content":{"rendered":"<style>.kb-row-layout-id810_c8667c-38 > .kt-row-column-wrap{align-content:start;}:where(.kb-row-layout-id810_c8667c-38 > .kt-row-column-wrap) > .wp-block-kadence-column{justify-content:start;}.kb-row-layout-id810_c8667c-38 > .kt-row-column-wrap{column-gap:var(--global-kb-gap-md, 2rem);row-gap:var(--global-kb-gap-md, 2rem);max-width:var( --global-content-width, 1290px );padding-left:var(--global-content-edge-padding);padding-right:var(--global-content-edge-padding);padding-top:var(--global-kb-spacing-xl, 4rem);padding-bottom:var(--global-kb-spacing-xl, 4rem);grid-template-columns:minmax(0, 1fr);}.kb-row-layout-id810_c8667c-38 > .kt-row-layout-overlay{opacity:0.30;}@media all and (max-width: 1024px){.kb-row-layout-id810_c8667c-38 > .kt-row-column-wrap{grid-template-columns:minmax(0, 1fr);}}@media all and (max-width: 767px){.kb-row-layout-id810_c8667c-38 > .kt-row-column-wrap{grid-template-columns:minmax(0, 1fr);}}<\/style><div class=\"kb-row-layout-wrap kb-row-layout-id810_c8667c-38 alignnone has-theme-palette7-background-color kt-row-has-bg wp-block-kadence-rowlayout\"><div class=\"kt-row-column-wrap kt-has-1-columns kt-row-layout-equal kt-tab-layout-inherit kt-mobile-layout-row kt-row-valign-top kb-theme-content-width\">\n<style>.kadence-column810_ea5ee7-28 > .kt-inside-inner-col,.kadence-column810_ea5ee7-28 > .kt-inside-inner-col:before{border-top-left-radius:0px;border-top-right-radius:0px;border-bottom-right-radius:0px;border-bottom-left-radius:0px;}.kadence-column810_ea5ee7-28 > .kt-inside-inner-col{column-gap:var(--global-kb-gap-sm, 1rem);}.kadence-column810_ea5ee7-28 > .kt-inside-inner-col{flex-direction:column;}.kadence-column810_ea5ee7-28 > .kt-inside-inner-col > .aligncenter{width:100%;}.kadence-column810_ea5ee7-28 > .kt-inside-inner-col:before{opacity:0.3;}.kadence-column810_ea5ee7-28{position:relative;}@media all and (max-width: 1024px){.kadence-column810_ea5ee7-28 > .kt-inside-inner-col{flex-direction:column;justify-content:center;}}@media all and (max-width: 767px){.kadence-column810_ea5ee7-28 > .kt-inside-inner-col{flex-direction:column;justify-content:center;}}<\/style>\n<div class=\"wp-block-kadence-column kadence-column810_ea5ee7-28\"><div class=\"kt-inside-inner-col\"><style>.wp-block-kadence-advancedheading.kt-adv-heading810_5de770-00, .wp-block-kadence-advancedheading.kt-adv-heading810_5de770-00[data-kb-block=\"kb-adv-heading810_5de770-00\"]{font-size:var(--global-kb-font-size-xl, 3rem);font-style:normal;border-bottom:0px solid var(--global-palette1, #3182CE);}.wp-block-kadence-advancedheading.kt-adv-heading810_5de770-00 mark.kt-highlight, .wp-block-kadence-advancedheading.kt-adv-heading810_5de770-00[data-kb-block=\"kb-adv-heading810_5de770-00\"] mark.kt-highlight{font-style:normal;color:#f76a0c;-webkit-box-decoration-break:clone;box-decoration-break:clone;padding-top:0px;padding-right:0px;padding-bottom:0px;padding-left:0px;}.wp-block-kadence-advancedheading.kt-adv-heading810_5de770-00 img.kb-inline-image, .wp-block-kadence-advancedheading.kt-adv-heading810_5de770-00[data-kb-block=\"kb-adv-heading810_5de770-00\"] img.kb-inline-image{width:150px;vertical-align:baseline;}@media all and (max-width: 1024px){.wp-block-kadence-advancedheading.kt-adv-heading810_5de770-00, .wp-block-kadence-advancedheading.kt-adv-heading810_5de770-00[data-kb-block=\"kb-adv-heading810_5de770-00\"]{border-bottom:0px solid var(--global-palette1, #3182CE);}}@media all and (max-width: 767px){.wp-block-kadence-advancedheading.kt-adv-heading810_5de770-00, .wp-block-kadence-advancedheading.kt-adv-heading810_5de770-00[data-kb-block=\"kb-adv-heading810_5de770-00\"]{border-bottom:0px solid var(--global-palette1, #3182CE);}}<\/style>\n<h1 class=\"kt-adv-heading810_5de770-00 podkresl wp-block-kadence-advancedheading\" data-kb-block=\"kb-adv-heading810_5de770-00\">pCon.planner<\/h1>\n<\/div><\/div>\n\n<\/div><\/div>\n\n<style>.kb-row-layout-id810_492aad-1e > .kt-row-column-wrap{align-content:start;}:where(.kb-row-layout-id810_492aad-1e > .kt-row-column-wrap) > .wp-block-kadence-column{justify-content:start;}.kb-row-layout-id810_492aad-1e > .kt-row-column-wrap{column-gap:var(--global-kb-gap-md, 2rem);row-gap:var(--global-kb-gap-md, 2rem);max-width:var( --global-content-width, 1290px );padding-left:var(--global-content-edge-padding);padding-right:var(--global-content-edge-padding);padding-top:var(--global-kb-spacing-xl, 4rem);padding-bottom:var(--global-kb-spacing-sm, 1.5rem);grid-template-columns:repeat(2, minmax(0, 1fr));}.kb-row-layout-id810_492aad-1e > .kt-row-layout-overlay{opacity:0.30;}@media all and (max-width: 1024px){.kb-row-layout-id810_492aad-1e > .kt-row-column-wrap{grid-template-columns:repeat(2, minmax(0, 1fr));}}@media all and (max-width: 767px){.kb-row-layout-id810_492aad-1e > .kt-row-column-wrap{grid-template-columns:minmax(0, 1fr);}}<\/style><div class=\"kb-row-layout-wrap kb-row-layout-id810_492aad-1e alignnone wp-block-kadence-rowlayout\"><div class=\"kt-row-column-wrap kt-has-2-columns kt-row-layout-equal kt-tab-layout-inherit kt-mobile-layout-row kt-row-valign-top kb-theme-content-width\">\n<style>.kadence-column810_b41bae-29 > .kt-inside-inner-col,.kadence-column810_b41bae-29 > .kt-inside-inner-col:before{border-top-left-radius:0px;border-top-right-radius:0px;border-bottom-right-radius:0px;border-bottom-left-radius:0px;}.kadence-column810_b41bae-29 > .kt-inside-inner-col{column-gap:var(--global-kb-gap-sm, 1rem);}.kadence-column810_b41bae-29 > .kt-inside-inner-col{flex-direction:column;}.kadence-column810_b41bae-29 > .kt-inside-inner-col > .aligncenter{width:100%;}.kadence-column810_b41bae-29 > .kt-inside-inner-col:before{opacity:0.3;}.kadence-column810_b41bae-29{position:relative;}@media all and (max-width: 1024px){.kadence-column810_b41bae-29 > .kt-inside-inner-col{flex-direction:column;justify-content:center;}}@media all and (max-width: 767px){.kadence-column810_b41bae-29 > .kt-inside-inner-col{flex-direction:column;justify-content:center;}}<\/style>\n<div class=\"wp-block-kadence-column kadence-column810_b41bae-29\"><div class=\"kt-inside-inner-col\"><style>.kb-image810_2410d1-1c .kb-image-has-overlay:after{opacity:0.3;}<\/style>\n<figure class=\"wp-block-kadence-image kb-image810_2410d1-1c size-full\"><img decoding=\"async\" width=\"661\" height=\"269\" src=\"https:\/\/polmarco.pl\/wp-content\/uploads\/2024\/09\/PCon.planner_Logo.png\" alt=\"\" class=\"kb-img wp-image-815\" srcset=\"https:\/\/polmarco.pl\/wp-content\/uploads\/2024\/09\/PCon.planner_Logo.png 661w, https:\/\/polmarco.pl\/wp-content\/uploads\/2024\/09\/PCon.planner_Logo-300x122.png 300w, https:\/\/polmarco.pl\/wp-content\/uploads\/2024\/09\/PCon.planner_Logo-18x7.png 18w\" sizes=\"(max-width: 661px) 100vw, 661px\" \/><\/figure>\n<\/div><\/div>\n\n\n<style>.kadence-column810_78ac87-9b > .kt-inside-inner-col,.kadence-column810_78ac87-9b > .kt-inside-inner-col:before{border-top-left-radius:0px;border-top-right-radius:0px;border-bottom-right-radius:0px;border-bottom-left-radius:0px;}.kadence-column810_78ac87-9b > .kt-inside-inner-col{column-gap:var(--global-kb-gap-sm, 1rem);}.kadence-column810_78ac87-9b > .kt-inside-inner-col{flex-direction:column;}.kadence-column810_78ac87-9b > .kt-inside-inner-col > .aligncenter{width:100%;}.kadence-column810_78ac87-9b > .kt-inside-inner-col:before{opacity:0.3;}.kadence-column810_78ac87-9b{position:relative;}@media all and (max-width: 1024px){.kadence-column810_78ac87-9b > .kt-inside-inner-col{flex-direction:column;justify-content:center;}}@media all and (max-width: 767px){.kadence-column810_78ac87-9b > .kt-inside-inner-col{flex-direction:column;justify-content:center;}}<\/style>\n<div class=\"wp-block-kadence-column kadence-column810_78ac87-9b\"><div class=\"kt-inside-inner-col\">\n<h2 class=\"wp-block-heading\">Pobierz program pCon.planner<\/h2>\n\n\n\n<ol class=\"wp-block-list\">\n<li>Kliknij w przycisk \u201ePobierz Program\u201d<\/li>\n\n\n\n<li>Zainstaluj oprogramowanie<\/li>\n\n\n\n<li>Zarejestruj si\u0119 bezp\u0142atnie klikaj\u0105c na przycisk Rejestracja<\/li>\n\n\n\n<li>Korzystaj z programu<\/li>\n<\/ol>\n\n\n<style>.wp-block-kadence-advancedbtn.kb-btns810_860664-98{gap:var(--global-kb-gap-md, 2rem);justify-content:flex-start;align-items:center;}.kt-btns810_860664-98 .kt-button{font-weight:normal;font-style:normal;}.kt-btns810_860664-98 .kt-btn-wrap-0{margin-right:5px;}.wp-block-kadence-advancedbtn.kt-btns810_860664-98 .kt-btn-wrap-0 .kt-button{color:#555555;border-color:#555555;}.wp-block-kadence-advancedbtn.kt-btns810_860664-98 .kt-btn-wrap-0 .kt-button:hover, .wp-block-kadence-advancedbtn.kt-btns810_860664-98 .kt-btn-wrap-0 .kt-button:focus{color:#ffffff;border-color:#444444;}.wp-block-kadence-advancedbtn.kt-btns810_860664-98 .kt-btn-wrap-0 .kt-button::before{display:none;}.wp-block-kadence-advancedbtn.kt-btns810_860664-98 .kt-btn-wrap-0 .kt-button:hover, .wp-block-kadence-advancedbtn.kt-btns810_860664-98 .kt-btn-wrap-0 .kt-button:focus{background:#444444;}<\/style>\n<div class=\"wp-block-kadence-advancedbtn kb-buttons-wrap kb-btns810_860664-98\"><style>ul.menu .wp-block-kadence-advancedbtn .kb-btn810_a347c9-bc.kb-button{width:initial;}<\/style><a class=\"kb-button kt-button button kb-btn810_a347c9-bc kt-btn-size-standard kt-btn-width-type-auto kb-btn-global-fill  kt-btn-has-text-true kt-btn-has-svg-false  wp-block-kadence-singlebtn\" href=\"\/pliki\/pCon-planner-ME-setup.zip\"><span class=\"kt-btn-inner-text\">Pobierz program<\/span><\/a>\n\n<style>ul.menu .wp-block-kadence-advancedbtn .kb-btn810_0333fd-0c.kb-button{width:initial;}<\/style><a class=\"kb-button kt-button button kb-btn810_0333fd-0c kt-btn-size-standard kt-btn-width-type-auto kb-btn-global-fill  kt-btn-has-text-true kt-btn-has-svg-false  wp-block-kadence-singlebtn\" href=\"https:\/\/update.easterngraphics.com\/registration\/Y61FO7\" rel=\"nofollow noopener\" target=\"_blank\"><span class=\"kt-btn-inner-text\">Zarejestruj si\u0119<\/span><\/a><\/div>\n<\/div><\/div>\n\n<\/div><\/div>\n\n<style>.kb-row-layout-id810_b23e73-6c > .kt-row-column-wrap{align-content:start;}:where(.kb-row-layout-id810_b23e73-6c > .kt-row-column-wrap) > .wp-block-kadence-column{justify-content:start;}.kb-row-layout-id810_b23e73-6c > .kt-row-column-wrap{column-gap:var(--global-kb-gap-md, 2rem);row-gap:var(--global-kb-gap-md, 2rem);max-width:var( --global-content-width, 1290px );padding-left:var(--global-content-edge-padding);padding-right:var(--global-content-edge-padding);padding-top:var(--global-kb-spacing-sm, 1.5rem);padding-bottom:var(--global-kb-spacing-sm, 1.5rem);grid-template-columns:repeat(2, minmax(0, 1fr));}.kb-row-layout-id810_b23e73-6c > .kt-row-layout-overlay{opacity:0.30;}@media all and (max-width: 1024px){.kb-row-layout-id810_b23e73-6c > .kt-row-column-wrap{grid-template-columns:repeat(2, minmax(0, 1fr));}}@media all and (max-width: 767px){.kb-row-layout-id810_b23e73-6c > .kt-row-column-wrap{grid-template-columns:minmax(0, 1fr);}}<\/style><div class=\"kb-row-layout-wrap kb-row-layout-id810_b23e73-6c alignnone wp-block-kadence-rowlayout\"><div class=\"kt-row-column-wrap kt-has-2-columns kt-row-layout-equal kt-tab-layout-inherit kt-mobile-layout-row kt-row-valign-top kb-theme-content-width\">\n<style>.kadence-column810_5976c3-89 > .kt-inside-inner-col,.kadence-column810_5976c3-89 > .kt-inside-inner-col:before{border-top-left-radius:0px;border-top-right-radius:0px;border-bottom-right-radius:0px;border-bottom-left-radius:0px;}.kadence-column810_5976c3-89 > .kt-inside-inner-col{column-gap:var(--global-kb-gap-sm, 1rem);}.kadence-column810_5976c3-89 > .kt-inside-inner-col{flex-direction:column;}.kadence-column810_5976c3-89 > .kt-inside-inner-col > .aligncenter{width:100%;}.kadence-column810_5976c3-89 > .kt-inside-inner-col:before{opacity:0.3;}.kadence-column810_5976c3-89{position:relative;}@media all and (max-width: 1024px){.kadence-column810_5976c3-89 > .kt-inside-inner-col{flex-direction:column;justify-content:center;}}@media all and (max-width: 767px){.kadence-column810_5976c3-89 > .kt-inside-inner-col{flex-direction:column;justify-content:center;}}<\/style>\n<div class=\"wp-block-kadence-column kadence-column810_5976c3-89\"><div class=\"kt-inside-inner-col\">\n<h2 class=\"wp-block-heading\">Informacje dodatkowe \u2013 Wymagania systemowe.<\/h2>\n\n\n\n<p><strong>Procesor:<\/strong>&nbsp;minimum 2-rdzeniowy o taktowaniu nie mniejszym ni\u017c 2GHz<br><strong>Pami\u0119\u0107 RAM:<\/strong>&nbsp;4 GB<br><strong>System:<\/strong>&nbsp;Windows 7 SP1 (64bit) lub nowszy<br><strong>Dysk:<\/strong>&nbsp;300 MB<br><strong>Karta graficzna:<\/strong>&nbsp;512 MB ze wsparciem OpenGL 3.0<br><strong>Rozdzielczo\u015b\u0107:<\/strong>&nbsp;1280 x 1024<\/p>\n<\/div><\/div>\n\n\n<style>.kadence-column810_ba20a8-c5 > .kt-inside-inner-col,.kadence-column810_ba20a8-c5 > .kt-inside-inner-col:before{border-top-left-radius:0px;border-top-right-radius:0px;border-bottom-right-radius:0px;border-bottom-left-radius:0px;}.kadence-column810_ba20a8-c5 > .kt-inside-inner-col{column-gap:var(--global-kb-gap-sm, 1rem);}.kadence-column810_ba20a8-c5 > .kt-inside-inner-col{flex-direction:column;}.kadence-column810_ba20a8-c5 > .kt-inside-inner-col > .aligncenter{width:100%;}.kadence-column810_ba20a8-c5 > .kt-inside-inner-col:before{opacity:0.3;}.kadence-column810_ba20a8-c5{position:relative;}@media all and (max-width: 1024px){.kadence-column810_ba20a8-c5 > .kt-inside-inner-col{flex-direction:column;justify-content:center;}}@media all and (max-width: 767px){.kadence-column810_ba20a8-c5 > .kt-inside-inner-col{flex-direction:column;justify-content:center;}}<\/style>\n<div class=\"wp-block-kadence-column kadence-column810_ba20a8-c5\"><div class=\"kt-inside-inner-col\"><style>.kb-image810_f4f27f-93 .kb-image-has-overlay:after{opacity:0.3;}<\/style>\n<figure class=\"wp-block-kadence-image kb-image810_f4f27f-93 size-full\"><img decoding=\"async\" width=\"1024\" height=\"594\" src=\"https:\/\/polmarco.pl\/wp-content\/uploads\/2024\/09\/OG1_3-1024x594-1.jpg\" alt=\"\" class=\"kb-img wp-image-814\" srcset=\"https:\/\/polmarco.pl\/wp-content\/uploads\/2024\/09\/OG1_3-1024x594-1.jpg 1024w, https:\/\/polmarco.pl\/wp-content\/uploads\/2024\/09\/OG1_3-1024x594-1-300x174.jpg 300w, https:\/\/polmarco.pl\/wp-content\/uploads\/2024\/09\/OG1_3-1024x594-1-768x446.jpg 768w, https:\/\/polmarco.pl\/wp-content\/uploads\/2024\/09\/OG1_3-1024x594-1-18x10.jpg 18w\" sizes=\"(max-width: 1024px) 100vw, 1024px\" \/><\/figure>\n<\/div><\/div>\n\n<\/div><\/div>\n\n<style>.kb-row-layout-id810_23b90c-56 > .kt-row-column-wrap{align-content:start;}:where(.kb-row-layout-id810_23b90c-56 > .kt-row-column-wrap) > .wp-block-kadence-column{justify-content:start;}.kb-row-layout-id810_23b90c-56 > .kt-row-column-wrap{column-gap:var(--global-kb-gap-md, 2rem);row-gap:var(--global-kb-gap-md, 2rem);max-width:var( --global-content-width, 1290px );padding-left:var(--global-content-edge-padding);padding-right:var(--global-content-edge-padding);padding-top:var(--global-kb-spacing-sm, 1.5rem);padding-bottom:var(--global-kb-spacing-lg, 3rem);}.kb-row-layout-id810_23b90c-56 > .kt-row-column-wrap > div:not(.added-for-specificity){grid-column:initial;}.kb-row-layout-id810_23b90c-56 > .kt-row-column-wrap{grid-template-columns:repeat(3, minmax(0, 1fr));}.kb-row-layout-id810_23b90c-56 > .kt-row-layout-overlay{opacity:0.30;}@media all and (max-width: 1024px){.kb-row-layout-id810_23b90c-56 > .kt-row-column-wrap > div:not(.added-for-specificity){grid-column:initial;}}@media all and (max-width: 1024px){.kb-row-layout-id810_23b90c-56 > .kt-row-column-wrap{grid-template-columns:repeat(3, minmax(0, 1fr));}}@media all and (max-width: 767px){.kb-row-layout-id810_23b90c-56 > .kt-row-column-wrap > div:not(.added-for-specificity){grid-column:initial;}.kb-row-layout-id810_23b90c-56 > .kt-row-column-wrap{grid-template-columns:minmax(0, 1fr);}}<\/style><div class=\"kb-row-layout-wrap kb-row-layout-id810_23b90c-56 alignnone wp-block-kadence-rowlayout\"><div class=\"kt-row-column-wrap kt-has-3-columns kt-row-layout-equal kt-tab-layout-inherit kt-mobile-layout-row kt-row-valign-top kb-theme-content-width\">\n<style>.kadence-column810_f7b52e-39 > .kt-inside-inner-col,.kadence-column810_f7b52e-39 > .kt-inside-inner-col:before{border-top-left-radius:0px;border-top-right-radius:0px;border-bottom-right-radius:0px;border-bottom-left-radius:0px;}.kadence-column810_f7b52e-39 > .kt-inside-inner-col{column-gap:var(--global-kb-gap-sm, 1rem);}.kadence-column810_f7b52e-39 > .kt-inside-inner-col{flex-direction:column;}.kadence-column810_f7b52e-39 > .kt-inside-inner-col > .aligncenter{width:100%;}.kadence-column810_f7b52e-39 > .kt-inside-inner-col:before{opacity:0.3;}.kadence-column810_f7b52e-39{position:relative;}@media all and (max-width: 1024px){.kadence-column810_f7b52e-39 > .kt-inside-inner-col{flex-direction:column;justify-content:center;}}@media all and (max-width: 767px){.kadence-column810_f7b52e-39 > .kt-inside-inner-col{flex-direction:column;justify-content:center;}}<\/style>\n<div class=\"wp-block-kadence-column kadence-column810_f7b52e-39\"><div class=\"kt-inside-inner-col\"><style>.kb-image810_fb5de1-20 .kb-image-has-overlay:after{opacity:0.3;}<\/style>\n<figure class=\"wp-block-kadence-image kb-image810_fb5de1-20 size-full\"><img decoding=\"async\" width=\"1024\" height=\"576\" src=\"https:\/\/polmarco.pl\/wp-content\/uploads\/2024\/09\/piastow1-1024x576-1.jpg\" alt=\"\" class=\"kb-img wp-image-813\" srcset=\"https:\/\/polmarco.pl\/wp-content\/uploads\/2024\/09\/piastow1-1024x576-1.jpg 1024w, https:\/\/polmarco.pl\/wp-content\/uploads\/2024\/09\/piastow1-1024x576-1-300x169.jpg 300w, https:\/\/polmarco.pl\/wp-content\/uploads\/2024\/09\/piastow1-1024x576-1-768x432.jpg 768w, https:\/\/polmarco.pl\/wp-content\/uploads\/2024\/09\/piastow1-1024x576-1-18x10.jpg 18w\" sizes=\"(max-width: 1024px) 100vw, 1024px\" \/><\/figure>\n<\/div><\/div>\n\n\n<style>.kadence-column810_102c3a-98 > .kt-inside-inner-col,.kadence-column810_102c3a-98 > .kt-inside-inner-col:before{border-top-left-radius:0px;border-top-right-radius:0px;border-bottom-right-radius:0px;border-bottom-left-radius:0px;}.kadence-column810_102c3a-98 > .kt-inside-inner-col{column-gap:var(--global-kb-gap-sm, 1rem);}.kadence-column810_102c3a-98 > .kt-inside-inner-col{flex-direction:column;}.kadence-column810_102c3a-98 > .kt-inside-inner-col > .aligncenter{width:100%;}.kadence-column810_102c3a-98 > .kt-inside-inner-col:before{opacity:0.3;}.kadence-column810_102c3a-98{position:relative;}@media all and (max-width: 1024px){.kadence-column810_102c3a-98 > .kt-inside-inner-col{flex-direction:column;justify-content:center;}}@media all and (max-width: 767px){.kadence-column810_102c3a-98 > .kt-inside-inner-col{flex-direction:column;justify-content:center;}}<\/style>\n<div class=\"wp-block-kadence-column kadence-column810_102c3a-98\"><div class=\"kt-inside-inner-col\"><style>.kb-image810_df5f18-e1 .kb-image-has-overlay:after{opacity:0.3;}<\/style>\n<figure class=\"wp-block-kadence-image kb-image810_df5f18-e1 size-full\"><img decoding=\"async\" width=\"1024\" height=\"576\" src=\"https:\/\/polmarco.pl\/wp-content\/uploads\/2024\/09\/operative4-1024x576-1.jpg\" alt=\"\" class=\"kb-img wp-image-812\" srcset=\"https:\/\/polmarco.pl\/wp-content\/uploads\/2024\/09\/operative4-1024x576-1.jpg 1024w, https:\/\/polmarco.pl\/wp-content\/uploads\/2024\/09\/operative4-1024x576-1-300x169.jpg 300w, https:\/\/polmarco.pl\/wp-content\/uploads\/2024\/09\/operative4-1024x576-1-768x432.jpg 768w, https:\/\/polmarco.pl\/wp-content\/uploads\/2024\/09\/operative4-1024x576-1-18x10.jpg 18w\" sizes=\"(max-width: 1024px) 100vw, 1024px\" \/><\/figure>\n<\/div><\/div>\n\n\n<style>.kadence-column810_1ad942-fc > .kt-inside-inner-col,.kadence-column810_1ad942-fc > .kt-inside-inner-col:before{border-top-left-radius:0px;border-top-right-radius:0px;border-bottom-right-radius:0px;border-bottom-left-radius:0px;}.kadence-column810_1ad942-fc > .kt-inside-inner-col{column-gap:var(--global-kb-gap-sm, 1rem);}.kadence-column810_1ad942-fc > .kt-inside-inner-col{flex-direction:column;}.kadence-column810_1ad942-fc > .kt-inside-inner-col > .aligncenter{width:100%;}.kadence-column810_1ad942-fc > .kt-inside-inner-col:before{opacity:0.3;}.kadence-column810_1ad942-fc{position:relative;}@media all and (max-width: 1024px){.kadence-column810_1ad942-fc > .kt-inside-inner-col{flex-direction:column;justify-content:center;}}@media all and (max-width: 767px){.kadence-column810_1ad942-fc > .kt-inside-inner-col{flex-direction:column;justify-content:center;}}<\/style>\n<div class=\"wp-block-kadence-column kadence-column810_1ad942-fc\"><div class=\"kt-inside-inner-col\"><style>.kb-image810_3196df-3f .kb-image-has-overlay:after{opacity:0.3;}<\/style>\n<figure class=\"wp-block-kadence-image kb-image810_3196df-3f size-full\"><img decoding=\"async\" width=\"1024\" height=\"576\" src=\"https:\/\/polmarco.pl\/wp-content\/uploads\/2024\/09\/1_3-1024x576-1.jpg\" alt=\"\" class=\"kb-img wp-image-811\" srcset=\"https:\/\/polmarco.pl\/wp-content\/uploads\/2024\/09\/1_3-1024x576-1.jpg 1024w, https:\/\/polmarco.pl\/wp-content\/uploads\/2024\/09\/1_3-1024x576-1-300x169.jpg 300w, https:\/\/polmarco.pl\/wp-content\/uploads\/2024\/09\/1_3-1024x576-1-768x432.jpg 768w, https:\/\/polmarco.pl\/wp-content\/uploads\/2024\/09\/1_3-1024x576-1-18x10.jpg 18w\" sizes=\"(max-width: 1024px) 100vw, 1024px\" \/><\/figure>\n<\/div><\/div>\n\n<\/div><\/div>","protected":false},"excerpt":{"rendered":"<p>pCon.planner Download pCon.planner Additional information - System requirements. Processor: minimum 2-core with a clock speed of no less than 2GHzRAM: 4 GBSystem: Windows 7 SP1 (64bit) or laterDisk: 300 MBGraphics card: 512 MB with OpenGL 3.0 supportResolution: 1280 x 1024<\/p>","protected":false},"author":1,"featured_media":0,"parent":0,"menu_order":0,"comment_status":"closed","ping_status":"closed","template":"","meta":{"_acf_changed":false,"_kad_blocks_custom_css":"","_kad_blocks_head_custom_js":"","_kad_blocks_body_custom_js":"","_kad_blocks_footer_custom_js":"","_kad_post_transparent":"","_kad_post_title":"","_kad_post_layout":"","_kad_post_sidebar_id":"","_kad_post_content_style":"","_kad_post_vertical_padding":"","_kad_post_feature":"","_kad_post_feature_position":"","_kad_post_header":false,"_kad_post_footer":false,"_kad_post_classname":"","footnotes":""},"class_list":["post-810","page","type-page","status-publish","hentry"],"acf":[],"taxonomy_info":[],"featured_image_src_large":false,"author_info":{"display_name":"michal","author_link":"https:\/\/polmarco.pl\/en\/author\/michal\/"},"comment_info":0,"_links":{"self":[{"href":"https:\/\/polmarco.pl\/en\/wp-json\/wp\/v2\/pages\/810","targetHints":{"allow":["GET"]}}],"collection":[{"href":"https:\/\/polmarco.pl\/en\/wp-json\/wp\/v2\/pages"}],"about":[{"href":"https:\/\/polmarco.pl\/en\/wp-json\/wp\/v2\/types\/page"}],"author":[{"embeddable":true,"href":"https:\/\/polmarco.pl\/en\/wp-json\/wp\/v2\/users\/1"}],"replies":[{"embeddable":true,"href":"https:\/\/polmarco.pl\/en\/wp-json\/wp\/v2\/comments?post=810"}],"version-history":[{"count":0,"href":"https:\/\/polmarco.pl\/en\/wp-json\/wp\/v2\/pages\/810\/revisions"}],"wp:attachment":[{"href":"https:\/\/polmarco.pl\/en\/wp-json\/wp\/v2\/media?parent=810"}],"curies":[{"name":"wp","href":"https:\/\/api.w.org\/{rel}","templated":true}]}}