{"id":24,"date":"2024-08-23T09:06:03","date_gmt":"2024-08-23T09:06:03","guid":{"rendered":"https:\/\/polmarco.pl\/?page_id=24"},"modified":"2025-03-13T13:48:02","modified_gmt":"2025-03-13T12:48:02","slug":"kontakt","status":"publish","type":"page","link":"https:\/\/polmarco.pl\/en\/kontakt\/","title":{"rendered":"Contact"},"content":{"rendered":"<style>.kb-row-layout-id24_95dbb9-97 > .kt-row-column-wrap{align-content:start;}:where(.kb-row-layout-id24_95dbb9-97 > .kt-row-column-wrap) > .wp-block-kadence-column{justify-content:start;}.kb-row-layout-id24_95dbb9-97 > .kt-row-column-wrap{column-gap:var(--global-kb-gap-md, 2rem);row-gap:var(--global-kb-gap-md, 2rem);max-width:var( --global-content-width, 1290px );padding-left:var(--global-content-edge-padding);padding-right:var(--global-content-edge-padding);padding-top:var(--global-kb-spacing-xxl, 5rem);padding-right:var(--global-kb-spacing-sm, 1.5rem);padding-bottom:var(--global-kb-spacing-3xl, 6.5rem);padding-left:var(--global-kb-spacing-sm, 1.5rem);grid-template-columns:repeat(2, minmax(0, 1fr));}.kb-row-layout-id24_95dbb9-97 > .kt-row-layout-overlay{opacity:0.30;}@media all and (max-width: 1024px){.kb-row-layout-id24_95dbb9-97 > .kt-row-column-wrap{grid-template-columns:repeat(2, minmax(0, 1fr));}}@media all and (max-width: 767px){.kb-row-layout-id24_95dbb9-97 > .kt-row-column-wrap{grid-template-columns:minmax(0, 1fr);}}<\/style><div class=\"kb-row-layout-wrap kb-row-layout-id24_95dbb9-97 alignnone has-theme-palette8-background-color kt-row-has-bg wp-block-kadence-rowlayout\"><div class=\"kt-row-column-wrap kt-has-2-columns kt-row-layout-equal kt-tab-layout-inherit kt-mobile-layout-row kt-row-valign-top kb-theme-content-width\">\n<style>.kadence-column24_aad1ec-cf > .kt-inside-inner-col,.kadence-column24_aad1ec-cf > .kt-inside-inner-col:before{border-top-left-radius:0px;border-top-right-radius:0px;border-bottom-right-radius:0px;border-bottom-left-radius:0px;}.kadence-column24_aad1ec-cf > .kt-inside-inner-col{column-gap:var(--global-kb-gap-sm, 1rem);}.kadence-column24_aad1ec-cf > .kt-inside-inner-col{flex-direction:column;}.kadence-column24_aad1ec-cf > .kt-inside-inner-col > .aligncenter{width:100%;}.kadence-column24_aad1ec-cf > .kt-inside-inner-col:before{opacity:0.3;}.kadence-column24_aad1ec-cf{position:relative;}@media all and (max-width: 1024px){.kadence-column24_aad1ec-cf > .kt-inside-inner-col{flex-direction:column;justify-content:center;}}@media all and (max-width: 767px){.kadence-column24_aad1ec-cf > .kt-inside-inner-col{flex-direction:column;justify-content:center;}}<\/style>\n<div class=\"wp-block-kadence-column kadence-column24_aad1ec-cf\"><div class=\"kt-inside-inner-col\"><style>.wp-block-kadence-advancedheading.kt-adv-heading24_c38610-92, .wp-block-kadence-advancedheading.kt-adv-heading24_c38610-92[data-kb-block=\"kb-adv-heading24_c38610-92\"]{font-size:var(--global-kb-font-size-lg, 2rem);font-style:normal;}.wp-block-kadence-advancedheading.kt-adv-heading24_c38610-92 mark.kt-highlight, .wp-block-kadence-advancedheading.kt-adv-heading24_c38610-92[data-kb-block=\"kb-adv-heading24_c38610-92\"] mark.kt-highlight{font-style:normal;color:#f76a0c;-webkit-box-decoration-break:clone;box-decoration-break:clone;padding-top:0px;padding-right:0px;padding-bottom:0px;padding-left:0px;}.wp-block-kadence-advancedheading.kt-adv-heading24_c38610-92 img.kb-inline-image, .wp-block-kadence-advancedheading.kt-adv-heading24_c38610-92[data-kb-block=\"kb-adv-heading24_c38610-92\"] img.kb-inline-image{width:150px;vertical-align:baseline;}<\/style>\n<h1 class=\"kt-adv-heading24_c38610-92 podkresl wp-block-kadence-advancedheading\" data-kb-block=\"kb-adv-heading24_c38610-92\"><strong>Polmarco Sp. z o.o.<\/strong><\/h1>\n\n\n\n<p>84-351 Nowa Wie\u015b L\u0119borska<br>ul. Grunwaldzka 39<\/p>\n\n\n<style>.wp-block-kadence-iconlist.kt-svg-icon-list-items24_e0bb63-0a:not(.this-stops-third-party-issues){margin-top:0px;margin-bottom:0px;}.wp-block-kadence-iconlist.kt-svg-icon-list-items24_e0bb63-0a ul.kt-svg-icon-list:not(.this-prevents-issues):not(.this-stops-third-party-issues):not(.tijsloc){margin-top:0px;margin-right:0px;margin-bottom:var(--global-kb-spacing-sm, 1.5rem);margin-left:0px;}.wp-block-kadence-iconlist.kt-svg-icon-list-items24_e0bb63-0a ul.kt-svg-icon-list{grid-row-gap:5px;}.wp-block-kadence-iconlist.kt-svg-icon-list-items24_e0bb63-0a ul.kt-svg-icon-list .kt-svg-icon-list-item-wrap .kt-svg-icon-list-single{margin-right:10px;}.kt-svg-icon-list-items24_e0bb63-0a ul.kt-svg-icon-list .kt-svg-icon-list-level-0 .kt-svg-icon-list-single svg{font-size:20px;}<\/style>\n<div class=\"wp-block-kadence-iconlist kt-svg-icon-list-items kt-svg-icon-list-items24_e0bb63-0a kt-svg-icon-list-columns-1 alignnone\"><ul class=\"kt-svg-icon-list\"><style>.kt-svg-icon-list-item-24_03722a-17 .kt-svg-icon-list-text mark.kt-highlight{background-color:unset;font-style:normal;color:#f76a0c;-webkit-box-decoration-break:clone;box-decoration-break:clone;padding-top:0px;padding-right:0px;padding-bottom:0px;padding-left:0px;}<\/style>\n<li class=\"wp-block-kadence-listitem kt-svg-icon-list-item-wrap kt-svg-icon-list-item-24_03722a-17\"><a href=\"tel:+48586236858\" class=\"kt-svg-icon-link\"><span class=\"kb-svg-icon-wrap kb-svg-icon-fe_phone kt-svg-icon-list-single\"><svg viewBox=\"0 0 24 24\"  fill=\"none\" stroke=\"currentColor\" stroke-width=\"2\" stroke-linecap=\"round\" stroke-linejoin=\"round\" xmlns=\"http:\/\/www.w3.org\/2000\/svg\"  aria-hidden=\"true\"><path d=\"M22 16.92v3a2 2 0 0 1-2.18 2 19.79 19.79 0 0 1-8.63-3.07 19.5 19.5 0 0 1-6-6 19.79 19.79 0 0 1-3.07-8.67A2 2 0 0 1 4.11 2h3a2 2 0 0 1 2 1.72 12.84 12.84 0 0 0 .7 2.81 2 2 0 0 1-.45 2.11L8.09 9.91a16 16 0 0 0 6 6l1.27-1.27a2 2 0 0 1 2.11-.45 12.84 12.84 0 0 0 2.81.7A2 2 0 0 1 22 16.92z\"\/><\/svg><\/span><span class=\"kt-svg-icon-list-text\">tel. +48 58 623 68 58<\/span><\/a><\/li>\n\n\n<style>.kt-svg-icon-list-item-24_fb6d45-4f .kt-svg-icon-list-text mark.kt-highlight{background-color:unset;font-style:normal;color:#f76a0c;-webkit-box-decoration-break:clone;box-decoration-break:clone;padding-top:0px;padding-right:0px;padding-bottom:0px;padding-left:0px;}<\/style>\n<li class=\"wp-block-kadence-listitem kt-svg-icon-list-item-wrap kt-svg-icon-list-item-24_fb6d45-4f\"><span class=\"kb-svg-icon-wrap kb-svg-icon-fe_mail kt-svg-icon-list-single\"><svg viewBox=\"0 0 24 24\"  fill=\"none\" stroke=\"currentColor\" stroke-width=\"2\" stroke-linecap=\"round\" stroke-linejoin=\"round\" xmlns=\"http:\/\/www.w3.org\/2000\/svg\"  aria-hidden=\"true\"><path d=\"M4 4h16c1.1 0 2 .9 2 2v12c0 1.1-.9 2-2 2H4c-1.1 0-2-.9-2-2V6c0-1.1.9-2 2-2z\"\/><polyline points=\"22,6 12,13 2,6\"\/><\/svg><\/span><span class=\"kt-svg-icon-list-text\"><script type='text\/javascript'>document.write('&#98;&#105;&#117;&#114;&#111;&#64;&#112;&#111;&#108;&#109;&#97;&#114;&#99;&#111;&#46;&#112;&#108;');<\/script><noscript>[w\u0142\u0105cz JavaScript, aby zobaczy\u0107 e-mail]<\/noscript><\/span><\/li>\n<\/ul><\/div>\n\n\n\n<p>Dzia\u0142 handlowy:<\/p>\n\n\n<style>.wp-block-kadence-iconlist.kt-svg-icon-list-items24_e7ecc6-10:not(.this-stops-third-party-issues){margin-top:0px;margin-bottom:0px;}.wp-block-kadence-iconlist.kt-svg-icon-list-items24_e7ecc6-10 ul.kt-svg-icon-list:not(.this-prevents-issues):not(.this-stops-third-party-issues):not(.tijsloc){margin-top:0px;margin-right:0px;margin-bottom:var(--global-kb-spacing-sm, 1.5rem);margin-left:0px;}.wp-block-kadence-iconlist.kt-svg-icon-list-items24_e7ecc6-10 ul.kt-svg-icon-list{grid-row-gap:5px;}.wp-block-kadence-iconlist.kt-svg-icon-list-items24_e7ecc6-10 ul.kt-svg-icon-list .kt-svg-icon-list-item-wrap .kt-svg-icon-list-single{margin-right:10px;}.kt-svg-icon-list-items24_e7ecc6-10 ul.kt-svg-icon-list .kt-svg-icon-list-level-0 .kt-svg-icon-list-single svg{font-size:20px;}<\/style>\n<div class=\"wp-block-kadence-iconlist kt-svg-icon-list-items kt-svg-icon-list-items24_e7ecc6-10 kt-svg-icon-list-columns-1 alignnone\"><ul class=\"kt-svg-icon-list\"><style>.kt-svg-icon-list-item-24_73f783-e8 .kt-svg-icon-list-text mark.kt-highlight{background-color:unset;font-style:normal;color:#f76a0c;-webkit-box-decoration-break:clone;box-decoration-break:clone;padding-top:0px;padding-right:0px;padding-bottom:0px;padding-left:0px;}<\/style>\n<li class=\"wp-block-kadence-listitem kt-svg-icon-list-item-wrap kt-svg-icon-list-item-24_73f783-e8\"><a href=\"tel:+48508090205\" class=\"kt-svg-icon-link\"><span class=\"kb-svg-icon-wrap kb-svg-icon-fe_phone kt-svg-icon-list-single\"><svg viewBox=\"0 0 24 24\"  fill=\"none\" stroke=\"currentColor\" stroke-width=\"2\" stroke-linecap=\"round\" stroke-linejoin=\"round\" xmlns=\"http:\/\/www.w3.org\/2000\/svg\"  aria-hidden=\"true\"><path d=\"M22 16.92v3a2 2 0 0 1-2.18 2 19.79 19.79 0 0 1-8.63-3.07 19.5 19.5 0 0 1-6-6 19.79 19.79 0 0 1-3.07-8.67A2 2 0 0 1 4.11 2h3a2 2 0 0 1 2 1.72 12.84 12.84 0 0 0 .7 2.81 2 2 0 0 1-.45 2.11L8.09 9.91a16 16 0 0 0 6 6l1.27-1.27a2 2 0 0 1 2.11-.45 12.84 12.84 0 0 0 2.81.7A2 2 0 0 1 22 16.92z\"\/><\/svg><\/span><span class=\"kt-svg-icon-list-text\">tel. +48 508 090 205<\/span><\/a><\/li>\n<\/ul><\/div>\n\n\n\n<h2 class=\"wp-block-heading\"><strong>Zak\u0142ad Produkcyjny<\/strong><\/h2>\n\n\n\n<p>84-351 Nowa Wie\u015b L\u0119borska<br>ul. Grunwaldzka 39<\/p>\n\n\n\n<p>S\u0105d Rejonowy Gda\u0144sk-P\u00f3\u0142noc VIII Wydzia\u0142 Gospodarczy KRS 0000058785<\/p>\n<\/div><\/div>\n\n\n<style>.kadence-column24_3a5b34-b0 > .kt-inside-inner-col{padding-top:var(--global-kb-spacing-lg, 3rem);padding-right:var(--global-kb-spacing-lg, 3rem);padding-bottom:var(--global-kb-spacing-lg, 3rem);padding-left:var(--global-kb-spacing-lg, 3rem);}.kadence-column24_3a5b34-b0 > .kt-inside-inner-col,.kadence-column24_3a5b34-b0 > .kt-inside-inner-col:before{border-top-left-radius:0px;border-top-right-radius:0px;border-bottom-right-radius:0px;border-bottom-left-radius:0px;}.kadence-column24_3a5b34-b0 > .kt-inside-inner-col{column-gap:var(--global-kb-gap-sm, 1rem);}.kadence-column24_3a5b34-b0 > .kt-inside-inner-col{flex-direction:column;}.kadence-column24_3a5b34-b0 > .kt-inside-inner-col > .aligncenter{width:100%;}.kadence-column24_3a5b34-b0 > .kt-inside-inner-col{background-color:var(--global-palette7, #EDF2F7);}.kadence-column24_3a5b34-b0 > .kt-inside-inner-col:before{opacity:0.3;}.kadence-column24_3a5b34-b0{position:relative;}@media all and (max-width: 1024px){.kadence-column24_3a5b34-b0 > .kt-inside-inner-col{flex-direction:column;justify-content:center;}}@media all and (max-width: 767px){.kadence-column24_3a5b34-b0 > .kt-inside-inner-col{flex-direction:column;justify-content:center;}}<\/style>\n<div class=\"wp-block-kadence-column kadence-column24_3a5b34-b0\"><div class=\"kt-inside-inner-col\"><style>.wp-block-kadence-advancedheading.kt-adv-heading24_e96054-99, .wp-block-kadence-advancedheading.kt-adv-heading24_e96054-99[data-kb-block=\"kb-adv-heading24_e96054-99\"]{font-style:normal;}.wp-block-kadence-advancedheading.kt-adv-heading24_e96054-99 mark.kt-highlight, .wp-block-kadence-advancedheading.kt-adv-heading24_e96054-99[data-kb-block=\"kb-adv-heading24_e96054-99\"] mark.kt-highlight{font-style:normal;color:#f76a0c;-webkit-box-decoration-break:clone;box-decoration-break:clone;padding-top:0px;padding-right:0px;padding-bottom:0px;padding-left:0px;}.wp-block-kadence-advancedheading.kt-adv-heading24_e96054-99 img.kb-inline-image, .wp-block-kadence-advancedheading.kt-adv-heading24_e96054-99[data-kb-block=\"kb-adv-heading24_e96054-99\"] img.kb-inline-image{width:150px;vertical-align:baseline;}<\/style>\n<h2 class=\"kt-adv-heading24_e96054-99 wp-block-kadence-advancedheading\" data-kb-block=\"kb-adv-heading24_e96054-99\">Formularz kontaktowy<\/h2>\n\n\n<style>.wp-block-kadence-advanced-form57-cpt-id .kb-advanced-form{gap:var(--global-kb-gap-xs, 0.5rem );}.wp-block-kadence-advanced-form57-cpt-id .kb-advanced-form input[type=text],.wp-block-kadence-advanced-form57-cpt-id .kb-advanced-form input[type=tel],.wp-block-kadence-advanced-form57-cpt-id .kb-advanced-form input[type=number],.wp-block-kadence-advanced-form57-cpt-id .kb-advanced-form input[type=date],.wp-block-kadence-advanced-form57-cpt-id .kb-advanced-form input[type=time],.wp-block-kadence-advanced-form57-cpt-id .kb-advanced-form input[type=email],.wp-block-kadence-advanced-form57-cpt-id .kb-advanced-form input[type=file],.wp-block-kadence-advanced-form57-cpt-id .kb-advanced-form select,.wp-block-kadence-advanced-form57-cpt-id .kb-advanced-form textarea{border-top:0px solid #B9B9C5;border-right:0px solid #B9B9C5;border-bottom:2px solid #B9B9C5;border-left:0px solid #B9B9C5;border-top-left-radius:0px;border-top-right-radius:0px;border-bottom-right-radius:0px;border-bottom-left-radius:0px;box-shadow:0px 0px 0px 0px rgba(0, 0, 0, 0);}.wp-block-kadence-advanced-form57-cpt-id{--kb-form-border-width:0px;--kb-form-border-color:#B9B9C5;}.wp-block-kadence-advanced-form57-cpt-id input[type=text]:focus,.wp-block-kadence-advanced-form57-cpt-id input[type=email]:focus,.wp-block-kadence-advanced-form57-cpt-id input[type=tel]:focus,.wp-block-kadence-advanced-form57-cpt-id input[type=date]:focus,.wp-block-kadence-advanced-form57-cpt-id input[type=number]:focus,.wp-block-kadence-advanced-form57-cpt-id input[type=time]:focus,.wp-block-kadence-advanced-form57-cpt-id input[type=file]:focus,.wp-block-kadence-advanced-form57-cpt-id select:focus,.wp-block-kadence-advanced-form57-cpt-id textarea:focus{border-color:var(--global-palette1, #3182CE);box-shadow:0px 0px 0px 0px rgba(0, 0, 0, 0);}.wp-block-kadence-advanced-form57-cpt-id .kb-adv-form-field .kb-adv-form-label{color:#909097;}@media all and (max-width: 1024px){.wp-block-kadence-advanced-form57-cpt-id .kb-advanced-form input[type=text],.wp-block-kadence-advanced-form57-cpt-id .kb-advanced-form input[type=tel],.wp-block-kadence-advanced-form57-cpt-id .kb-advanced-form input[type=number],.wp-block-kadence-advanced-form57-cpt-id .kb-advanced-form input[type=date],.wp-block-kadence-advanced-form57-cpt-id .kb-advanced-form input[type=time],.wp-block-kadence-advanced-form57-cpt-id .kb-advanced-form input[type=email],.wp-block-kadence-advanced-form57-cpt-id .kb-advanced-form input[type=file],.wp-block-kadence-advanced-form57-cpt-id .kb-advanced-form select,.wp-block-kadence-advanced-form57-cpt-id .kb-advanced-form textarea{border-top:0px solid #B9B9C5;border-right:0px solid #B9B9C5;border-bottom:2px solid #B9B9C5;border-left:0px solid #B9B9C5;}}@media all and (max-width: 767px){.wp-block-kadence-advanced-form57-cpt-id .kb-advanced-form input[type=text],.wp-block-kadence-advanced-form57-cpt-id .kb-advanced-form input[type=tel],.wp-block-kadence-advanced-form57-cpt-id .kb-advanced-form input[type=number],.wp-block-kadence-advanced-form57-cpt-id .kb-advanced-form input[type=date],.wp-block-kadence-advanced-form57-cpt-id .kb-advanced-form input[type=time],.wp-block-kadence-advanced-form57-cpt-id .kb-advanced-form input[type=email],.wp-block-kadence-advanced-form57-cpt-id .kb-advanced-form input[type=file],.wp-block-kadence-advanced-form57-cpt-id .kb-advanced-form select,.wp-block-kadence-advanced-form57-cpt-id .kb-advanced-form textarea{border-top:0px solid #B9B9C5;border-right:0px solid #B9B9C5;border-bottom:2px solid #B9B9C5;border-left:0px solid #B9B9C5;}}<\/style><div class=\"wp-block-kadence-advanced-form wp-block-kadence-advanced-form57-cpt-id kb-adv-form-label-style-float kb-adv-form-input-size-standard kb-form-basic-style wp-block-kadence-advanced-form\"><form id=\"kb-adv-form-57-cpt-id\" class=\"kb-advanced-form\" method=\"post\" data-error-message=\"Popraw b\u0142\u0119dy\">\n<style>.kb-row-layout-id24_a88add-1e > .kt-row-column-wrap{align-content:start;}:where(.kb-row-layout-id24_a88add-1e > .kt-row-column-wrap) > .wp-block-kadence-column{justify-content:start;}.kb-row-layout-id24_a88add-1e > .kt-row-column-wrap{column-gap:var(--global-kb-gap-md, 2rem);row-gap:var(--global-kb-gap-md, 2rem);padding-top:0px;padding-right:0px;padding-bottom:0px;padding-left:0px;grid-template-columns:minmax(0, 1fr);}.kb-row-layout-id24_a88add-1e > .kt-row-layout-overlay{opacity:0.30;}@media all and (max-width: 1024px){.kb-row-layout-id24_a88add-1e > .kt-row-column-wrap{grid-template-columns:minmax(0, 1fr);}}@media all and (max-width: 767px){.kb-row-layout-id24_a88add-1e > .kt-row-column-wrap{grid-template-columns:minmax(0, 1fr);}}<\/style><div class=\"kb-row-layout-wrap kb-row-layout-id24_a88add-1e alignnone wp-block-kadence-rowlayout\"><div class=\"kt-row-column-wrap kt-has-1-columns kt-row-layout-equal kt-tab-layout-inherit kt-mobile-layout-row kt-row-valign-top\">\n<style>.kadence-column24_29f679-da > .kt-inside-inner-col,.kadence-column24_29f679-da > .kt-inside-inner-col:before{border-top-left-radius:0px;border-top-right-radius:0px;border-bottom-right-radius:0px;border-bottom-left-radius:0px;}.kadence-column24_29f679-da > .kt-inside-inner-col{column-gap:var(--global-kb-gap-sm, 1rem);}.kadence-column24_29f679-da > .kt-inside-inner-col{flex-direction:column;}.kadence-column24_29f679-da > .kt-inside-inner-col > .aligncenter{width:100%;}.kadence-column24_29f679-da > .kt-inside-inner-col:before{opacity:0.3;}.kadence-column24_29f679-da{position:relative;}@media all and (max-width: 1024px){.kadence-column24_29f679-da > .kt-inside-inner-col{flex-direction:column;justify-content:center;}}@media all and (max-width: 767px){.kadence-column24_29f679-da > .kt-inside-inner-col{flex-direction:column;justify-content:center;}}<\/style>\n<div class=\"wp-block-kadence-column kadence-column24_29f679-da\"><div class=\"kt-inside-inner-col\"><div class=\"kb-adv-form-field kb-adv-form-text-type-input kb-adv-form-infield-type-input kb-field57633696-c5 wp-block-kadence-advanced-form-text\"><label class=\"kb-adv-form-label\" for=\"field57633696-c5\">Imi\u0119 i nazwisko<\/label><input name=\"name\" id=\"field57633696-c5\" data-label=\"Imi\u0119 i nazwisko\" type=\"text\" placeholder=\"\" value=\"\" data-type=\"text\" class=\"kb-field kb-text-field\" data-required=\"no\" \/><\/div><\/div><\/div>\n\n<\/div><\/div>\n\n<style>.kb-row-layout-id24_dcff16-ce > .kt-row-column-wrap{align-content:start;}:where(.kb-row-layout-id24_dcff16-ce > .kt-row-column-wrap) > .wp-block-kadence-column{justify-content:start;}.kb-row-layout-id24_dcff16-ce > .kt-row-column-wrap{column-gap:var(--global-kb-gap-md, 2rem);row-gap:var(--global-kb-gap-md, 2rem);padding-top:0px;padding-right:0px;padding-bottom:0px;padding-left:0px;grid-template-columns:repeat(2, minmax(0, 1fr));}.kb-row-layout-id24_dcff16-ce > .kt-row-layout-overlay{opacity:0.30;}@media all and (max-width: 1024px){.kb-row-layout-id24_dcff16-ce > .kt-row-column-wrap{grid-template-columns:repeat(2, minmax(0, 1fr));}}@media all and (max-width: 767px){.kb-row-layout-id24_dcff16-ce > .kt-row-column-wrap{grid-template-columns:minmax(0, 1fr);}}<\/style><div class=\"kb-row-layout-wrap kb-row-layout-id24_dcff16-ce alignnone wp-block-kadence-rowlayout\"><div class=\"kt-row-column-wrap kt-has-2-columns kt-row-layout-equal kt-tab-layout-inherit kt-mobile-layout-row kt-row-valign-top\">\n<style>.kadence-column24_5cc442-75 > .kt-inside-inner-col,.kadence-column24_5cc442-75 > .kt-inside-inner-col:before{border-top-left-radius:0px;border-top-right-radius:0px;border-bottom-right-radius:0px;border-bottom-left-radius:0px;}.kadence-column24_5cc442-75 > .kt-inside-inner-col{column-gap:var(--global-kb-gap-sm, 1rem);}.kadence-column24_5cc442-75 > .kt-inside-inner-col{flex-direction:column;}.kadence-column24_5cc442-75 > .kt-inside-inner-col > .aligncenter{width:100%;}.kadence-column24_5cc442-75 > .kt-inside-inner-col:before{opacity:0.3;}.kadence-column24_5cc442-75{position:relative;}@media all and (max-width: 1024px){.kadence-column24_5cc442-75 > .kt-inside-inner-col{flex-direction:column;justify-content:center;}}@media all and (max-width: 767px){.kadence-column24_5cc442-75 > .kt-inside-inner-col{flex-direction:column;justify-content:center;}}<\/style>\n<div class=\"wp-block-kadence-column kadence-column24_5cc442-75\"><div class=\"kt-inside-inner-col\"><div class=\"kb-adv-form-field kb-adv-form-text-type-input kb-adv-form-infield-type-input kb-field57452feb-60 wp-block-kadence-advanced-form-email\"><label class=\"kb-adv-form-label\" for=\"field57452feb-60\">E-mail<span class=\"kb-adv-form-required\">*<\/span><\/label><input name=\"field452feb-60\" id=\"field57452feb-60\" data-label=\"E-mail\" type=\"email\" placeholder=\"\" value=\"\" data-type=\"email\" class=\"kb-field kb-email-field\" data-required=\"yes\" required aria-required=\"true\"\/><\/div><\/div><\/div>\n\n\n<style>.kadence-column24_70bb41-5c > .kt-inside-inner-col,.kadence-column24_70bb41-5c > .kt-inside-inner-col:before{border-top-left-radius:0px;border-top-right-radius:0px;border-bottom-right-radius:0px;border-bottom-left-radius:0px;}.kadence-column24_70bb41-5c > .kt-inside-inner-col{column-gap:var(--global-kb-gap-sm, 1rem);}.kadence-column24_70bb41-5c > .kt-inside-inner-col{flex-direction:column;}.kadence-column24_70bb41-5c > .kt-inside-inner-col > .aligncenter{width:100%;}.kadence-column24_70bb41-5c > .kt-inside-inner-col:before{opacity:0.3;}.kadence-column24_70bb41-5c{position:relative;}@media all and (max-width: 1024px){.kadence-column24_70bb41-5c > .kt-inside-inner-col{flex-direction:column;justify-content:center;}}@media all and (max-width: 767px){.kadence-column24_70bb41-5c > .kt-inside-inner-col{flex-direction:column;justify-content:center;}}<\/style>\n<div class=\"wp-block-kadence-column kadence-column24_70bb41-5c\"><div class=\"kt-inside-inner-col\"><div class=\"kb-adv-form-field kb-adv-form-text-type-input kb-adv-form-infield-type-input kb-field57be3711-d7 wp-block-kadence-advanced-form-telephone\"><label class=\"kb-adv-form-label\" for=\"field57be3711-d7\">Telefon<\/label><input name=\"fieldbe3711-d7\" id=\"field57be3711-d7\" data-label=\"Telefon\" type=\"tel\" placeholder=\"\" value=\"\" data-type=\"tel\" class=\"kb-field kb-tel-field\" data-required=\"no\" \/><\/div><\/div><\/div>\n\n<\/div><\/div>\n\n<div class=\"kb-adv-form-field kb-adv-form-text-type-input kb-adv-form-infield-type-input kb-field57c30fd2-5a wp-block-kadence-advanced-form-textarea\"><label class=\"kb-adv-form-label\" for=\"field57c30fd2-5a\">Wiadomo\u015b\u0107<span class=\"kb-adv-form-required\">*<\/span><\/label><textarea name=\"fieldc30fd2-5a\" id=\"field57c30fd2-5a\" rows=\"3\"  data-label=\"Wiadomo\u015b\u0107\" placeholder=\"\" data-type=\"textarea\" class=\"kb-field kb-textarea-field\" data-required=\"yes\" required aria-required=\"true\"><\/textarea><\/div>\n\n<div class=\"kb-adv-form-field kb-field5764e2b5-bb wp-block-kadence-advanced-form-accept\"><fieldset class=\"kb-radio-check-item-wrap\" id=\"cb5764e2b5-bb\" data-type=\"accept\" data-required=\"no\" ><legend class=\"screen-reader-text\">Zgoda<\/legend><div class=\"kb-radio-check-item\"><input name=\"field64e2b5-bb\" id=\"field5764e2b5-bb_0\" data-label=\"Zgoda\" type=\"checkbox\" value=\"accept\" data-type=\"accept\" class=\"kb-field kb-accept-field kb-checkbox-field\" data-required=\"no\" aria-label=\"Zgoda\"\/><label for=\"field5764e2b5-bb_0\">Wyra\u017cam zgod\u0119 na przetwarzanie danych zawartych w formularzu, w celu udzielenia odpowiedzi przez Polmarco Sp. z o.o. i prowadzenia dalszej korespondencji.<\/label><\/div><\/fieldset><\/div>\n\n<input type=\"hidden\" name=\"recaptcha_response\" class=\"kb_recaptcha_response kb_recaptcha_c03083-3d\" \/>\n\n<style>ul.menu .kb-submit-field .kb-btnd640fd-56.kb-button{width:initial;}.kb-submit-field.kb-fieldd640fd-56{justify-content:flex-start;}<\/style><div class=\"kb-adv-form-field kb-submit-field kb-fieldd640fd-56 wp-block-kadence-advanced-form-submit\"><button class=\"kb-button kt-button button kb-adv-form-submit-button kb-btnd640fd-56 kt-btn-size-standard kt-btn-width-type-auto kb-btn-global-fill kt-btn-has-text-true kt-btn-has-svg-false\" type=\"submit\"><span class=\"kt-btn-inner-text\">Wy\u015blij<\/span><\/button><\/div>\n<input type=\"hidden\" name=\"_kb_adv_form_post_id\" value=\"57\"><input type=\"hidden\" name=\"action\" value=\"kb_process_advanced_form_submit\"><input type=\"hidden\" name=\"_kb_adv_form_id\" value=\"57-cpt-id\"><\/form><\/div><\/div><\/div>\n\n<\/div><\/div>\n\n\n<p><\/p>\n","protected":false},"excerpt":{"rendered":"<p>Polmarco Sp. z o.o. 84-351 Nowa Wie\u015b L\u0119borskaul. Grunwaldzka 39 Sales department: Production Plant 84-351 Nowa Wie\u015b L\u0119borskaul. Grunwaldzka 39 District Court Gda\u0144sk-P\u00f3\u0142noc VIII Economic Division KRS 0000058785 Contact form<\/p>","protected":false},"author":1,"featured_media":0,"parent":0,"menu_order":0,"comment_status":"closed","ping_status":"closed","template":"","meta":{"_acf_changed":false,"_kad_blocks_custom_css":"","_kad_blocks_head_custom_js":"","_kad_blocks_body_custom_js":"","_kad_blocks_footer_custom_js":"","_kad_post_transparent":"","_kad_post_title":"","_kad_post_layout":"","_kad_post_sidebar_id":"","_kad_post_content_style":"","_kad_post_vertical_padding":"","_kad_post_feature":"","_kad_post_feature_position":"","_kad_post_header":false,"_kad_post_footer":false,"_kad_post_classname":"","footnotes":""},"class_list":["post-24","page","type-page","status-publish","hentry"],"acf":[],"taxonomy_info":[],"featured_image_src_large":false,"author_info":{"display_name":"michal","author_link":"https:\/\/polmarco.pl\/en\/author\/michal\/"},"comment_info":0,"_links":{"self":[{"href":"https:\/\/polmarco.pl\/en\/wp-json\/wp\/v2\/pages\/24","targetHints":{"allow":["GET"]}}],"collection":[{"href":"https:\/\/polmarco.pl\/en\/wp-json\/wp\/v2\/pages"}],"about":[{"href":"https:\/\/polmarco.pl\/en\/wp-json\/wp\/v2\/types\/page"}],"author":[{"embeddable":true,"href":"https:\/\/polmarco.pl\/en\/wp-json\/wp\/v2\/users\/1"}],"replies":[{"embeddable":true,"href":"https:\/\/polmarco.pl\/en\/wp-json\/wp\/v2\/comments?post=24"}],"version-history":[{"count":2,"href":"https:\/\/polmarco.pl\/en\/wp-json\/wp\/v2\/pages\/24\/revisions"}],"predecessor-version":[{"id":985,"href":"https:\/\/polmarco.pl\/en\/wp-json\/wp\/v2\/pages\/24\/revisions\/985"}],"wp:attachment":[{"href":"https:\/\/polmarco.pl\/en\/wp-json\/wp\/v2\/media?parent=24"}],"curies":[{"name":"wp","href":"https:\/\/api.w.org\/{rel}","templated":true}]}}