{"id":18,"date":"2024-08-23T09:05:28","date_gmt":"2024-08-23T09:05:28","guid":{"rendered":"https:\/\/polmarco.pl\/?page_id=18"},"modified":"2024-09-16T11:16:11","modified_gmt":"2024-09-16T09:16:11","slug":"firma","status":"publish","type":"page","link":"https:\/\/polmarco.pl\/en\/firma\/","title":{"rendered":"Company"},"content":{"rendered":"<style>.kb-row-layout-id18_a81f84-a3 > .kt-row-column-wrap{align-content:start;}:where(.kb-row-layout-id18_a81f84-a3 > .kt-row-column-wrap) > .wp-block-kadence-column{justify-content:start;}.kb-row-layout-id18_a81f84-a3 > .kt-row-column-wrap{column-gap:var(--global-kb-gap-md, 2rem);row-gap:var(--global-kb-gap-md, 2rem);max-width:var( --global-content-width, 1290px );padding-left:var(--global-content-edge-padding);padding-right:var(--global-content-edge-padding);padding-top:var(--global-kb-spacing-lg, 3rem);padding-bottom:var(--global-kb-spacing-lg, 3rem);grid-template-columns:minmax(0, calc(60% - ((var(--global-kb-gap-md, 2rem) * 1 )\/2)))minmax(0, calc(40% - ((var(--global-kb-gap-md, 2rem) * 1 )\/2)));}.kb-row-layout-id18_a81f84-a3{background-image:url('https:\/\/polmarco.pl\/wp-content\/uploads\/2024\/08\/DUO_A_2024_3-1920.jpg');background-size:cover;background-position:48% 87%;background-attachment:fixed;background-repeat:no-repeat;}.kb-row-layout-id18_a81f84-a3 > .kt-row-layout-overlay{opacity:0.30;}@media all and (max-width: 1024px), only screen and (min-device-width: 1024px) and (max-device-width: 1366px) and (-webkit-min-device-pixel-ratio: 2) and (hover: none){.kb-row-layout-id18_a81f84-a3{background-attachment:scroll;}}@media all and (max-width: 1024px){.kb-row-layout-id18_a81f84-a3 > .kt-row-column-wrap{grid-template-columns:repeat(2, minmax(0, 1fr));}}@media all and (max-width: 767px){.kb-row-layout-id18_a81f84-a3 > .kt-row-column-wrap{grid-template-columns:minmax(0, 1fr);}}<\/style><div class=\"kb-row-layout-wrap kb-row-layout-id18_a81f84-a3 alignnone kt-row-has-bg wp-block-kadence-rowlayout\"><div class=\"kt-row-column-wrap kt-has-2-columns kt-row-layout-equal kt-tab-layout-inherit kt-mobile-layout-row kt-row-valign-top kb-theme-content-width\">\n<style>.kadence-column18_cfa560-f0 > .kt-inside-inner-col{padding-top:var(--global-kb-spacing-lg, 3rem);padding-right:var(--global-kb-spacing-lg, 3rem);padding-bottom:var(--global-kb-spacing-lg, 3rem);padding-left:var(--global-kb-spacing-lg, 3rem);}.kadence-column18_cfa560-f0 > .kt-inside-inner-col,.kadence-column18_cfa560-f0 > .kt-inside-inner-col:before{border-top-left-radius:0px;border-top-right-radius:0px;border-bottom-right-radius:0px;border-bottom-left-radius:0px;}.kadence-column18_cfa560-f0 > .kt-inside-inner-col{column-gap:var(--global-kb-gap-sm, 1rem);}.kadence-column18_cfa560-f0 > .kt-inside-inner-col{flex-direction:column;}.kadence-column18_cfa560-f0 > .kt-inside-inner-col > .aligncenter{width:100%;}.kadence-column18_cfa560-f0 > .kt-inside-inner-col{background-color:rgba(30, 30, 30, 0.74);}.kadence-column18_cfa560-f0 > .kt-inside-inner-col:before{opacity:0.3;}.kadence-column18_cfa560-f0{position:relative;}@media all and (max-width: 1024px){.kadence-column18_cfa560-f0 > .kt-inside-inner-col{flex-direction:column;justify-content:center;}}@media all and (max-width: 767px){.kadence-column18_cfa560-f0 > .kt-inside-inner-col{flex-direction:column;justify-content:center;}}<\/style>\n<div class=\"wp-block-kadence-column kadence-column18_cfa560-f0\"><div class=\"kt-inside-inner-col\"><style>.wp-block-kadence-advancedheading.kt-adv-heading18_d1b3be-1c, .wp-block-kadence-advancedheading.kt-adv-heading18_d1b3be-1c[data-kb-block=\"kb-adv-heading18_d1b3be-1c\"]{font-size:var(--global-kb-font-size-xl, 3rem);font-style:normal;}.wp-block-kadence-advancedheading.kt-adv-heading18_d1b3be-1c mark.kt-highlight, .wp-block-kadence-advancedheading.kt-adv-heading18_d1b3be-1c[data-kb-block=\"kb-adv-heading18_d1b3be-1c\"] mark.kt-highlight{font-style:normal;color:#f76a0c;-webkit-box-decoration-break:clone;box-decoration-break:clone;padding-top:0px;padding-right:0px;padding-bottom:0px;padding-left:0px;}.wp-block-kadence-advancedheading.kt-adv-heading18_d1b3be-1c img.kb-inline-image, .wp-block-kadence-advancedheading.kt-adv-heading18_d1b3be-1c[data-kb-block=\"kb-adv-heading18_d1b3be-1c\"] img.kb-inline-image{width:150px;vertical-align:baseline;}<\/style>\n<h1 class=\"kt-adv-heading18_d1b3be-1c podkresl wp-block-kadence-advancedheading has-theme-palette-9-color has-text-color\" data-kb-block=\"kb-adv-heading18_d1b3be-1c\">O nas<\/h1>\n\n\n\n<p class=\"has-theme-palette-9-color has-text-color has-link-color wp-elements-dff1bcfa01ed409d20096b054b5ad40d\">Jeste\u015bmy firm\u0105 pochodz\u0105c\u0105 z p\u00f3\u0142nocnej Polski, kt\u00f3ra zajmuje si\u0119 kreowaniem standard\u00f3w zdrowego i efektywnego miejsca pracy biurowej oraz produkcj\u0105 mebli dostosowanych do tych standard\u00f3w.<br>Na pierwszym miejscu stawiamy potrzeby u\u017cytkownika, a nast\u0119pnie tworzymy innowacyjne produkty dostosowane do tych potrzeb. Nasz\u0105 ambicj\u0105 jest tworzenie nowatorskich rozwi\u0105za\u0144 funkcjonalnych, kt\u00f3re pomagaj\u0105 ludziom zachowa\u0107 zdrowie i u\u0142atwiaj\u0105 im prac\u0119. Koncepcj\u0119 t\u0105 realizujemy poprzez wsp\u00f3lne dzia\u0142anie z naszymi partnerami. Odnosimy sukcesy, poniewa\u017c si\u0119 wzajemnie szanujemy, wspieramy i cieszymy z ka\u017cdego nowego wyzwania.<\/p>\n\n\n\n<p class=\"has-theme-palette-9-color has-text-color has-link-color wp-elements-adf125278854c89ae66bbe197d60ccec\">POLMARCO zapocz\u0105tkowa\u0142o swoj\u0105 dzia\u0142alno\u015b\u0107 w styczniu 1981r. Od tego czasu nieustannie si\u0119 rozwija, zar\u00f3wno pod wzgl\u0119dem stosowanych technologii, jak i wzornictwa. Pocz\u0105tkowo dzia\u0142alno\u015b\u0107 firmy opiera\u0142a si\u0119 na produkcji mebli do wyposa\u017cenia mieszka\u0144. Szczeg\u00f3lnie du\u017ce znaczenie w procesie rozwoju naszej firmy odegra\u0142o wprowadzenie us\u0142ug kompleksowego wyposa\u017cania obiekt\u00f3w u\u017cyteczno\u015bci publicznej, poniewa\u017c ukierunkowa\u0142o nas na produkcj\u0119 mebli biurowych. W tym obszarze postanowili\u015bmy w ca\u0142o\u015bci skoncentrowa\u0107 nasze dzia\u0142ania.<\/p>\n\n\n\n<p class=\"has-theme-palette-9-color has-text-color has-link-color wp-elements-a6f2c95a1dd59547483ef7a0bd6c6a34\">Obecnie POLMARCO nale\u017cy do wiod\u0105cych producent\u00f3w mebli biurowych w Polsce. Dzi\u0119ki nieustannej pracy nad innowacjami, ci\u0105g\u0142ym inwestycjom i rozwojem produkcji odpowiadaj\u0105cym potrzebom rynku, marka POLMARCO sta\u0142a si\u0119 synonimem jako\u015bci i kompetencji. Nasi klienci wiedz\u0105, \u017ce s\u0105 w dobrych r\u0119kach i zawsze mog\u0105 polega\u0107 na proponowanych przez nas rozwi\u0105zaniach!<\/p>\n<\/div><\/div>\n\n\n<style>.kadence-column18_dc0a6b-16 > .kt-inside-inner-col,.kadence-column18_dc0a6b-16 > .kt-inside-inner-col:before{border-top-left-radius:0px;border-top-right-radius:0px;border-bottom-right-radius:0px;border-bottom-left-radius:0px;}.kadence-column18_dc0a6b-16 > .kt-inside-inner-col{column-gap:var(--global-kb-gap-sm, 1rem);}.kadence-column18_dc0a6b-16 > .kt-inside-inner-col{flex-direction:column;}.kadence-column18_dc0a6b-16 > .kt-inside-inner-col > .aligncenter{width:100%;}.kadence-column18_dc0a6b-16 > .kt-inside-inner-col:before{opacity:0.3;}.kadence-column18_dc0a6b-16{position:relative;}@media all and (max-width: 1024px){.kadence-column18_dc0a6b-16 > .kt-inside-inner-col{flex-direction:column;justify-content:center;}}@media all and (max-width: 767px){.kadence-column18_dc0a6b-16 > .kt-inside-inner-col{flex-direction:column;justify-content:center;}}<\/style>\n<div class=\"wp-block-kadence-column kadence-column18_dc0a6b-16\"><div class=\"kt-inside-inner-col\"><\/div><\/div>\n\n<\/div><\/div>\n\n<style>.kb-row-layout-id18_f40304-5b > .kt-row-column-wrap{align-content:start;}:where(.kb-row-layout-id18_f40304-5b > .kt-row-column-wrap) > .wp-block-kadence-column{justify-content:start;}.kb-row-layout-id18_f40304-5b > .kt-row-column-wrap{column-gap:var(--global-kb-gap-md, 2rem);row-gap:var(--global-kb-gap-md, 2rem);max-width:var( --global-content-width, 1290px );padding-left:var(--global-content-edge-padding);padding-right:var(--global-content-edge-padding);padding-top:var(--global-kb-spacing-xl, 4rem);padding-bottom:var(--global-kb-spacing-xl, 4rem);grid-template-columns:minmax(0, 1fr);}.kb-row-layout-id18_f40304-5b > .kt-row-layout-overlay{opacity:0.30;}@media all and (max-width: 1024px){.kb-row-layout-id18_f40304-5b > .kt-row-column-wrap{grid-template-columns:minmax(0, 1fr);}}@media all and (max-width: 767px){.kb-row-layout-id18_f40304-5b > .kt-row-column-wrap{grid-template-columns:minmax(0, 1fr);}}<\/style><div class=\"kb-row-layout-wrap kb-row-layout-id18_f40304-5b alignnone wp-block-kadence-rowlayout\"><div class=\"kt-row-column-wrap kt-has-1-columns kt-row-layout-equal kt-tab-layout-inherit kt-mobile-layout-row kt-row-valign-top kb-theme-content-width\">\n<style>.kadence-column18_22d9b3-8c > .kt-inside-inner-col,.kadence-column18_22d9b3-8c > .kt-inside-inner-col:before{border-top-left-radius:0px;border-top-right-radius:0px;border-bottom-right-radius:0px;border-bottom-left-radius:0px;}.kadence-column18_22d9b3-8c > .kt-inside-inner-col{column-gap:var(--global-kb-gap-sm, 1rem);}.kadence-column18_22d9b3-8c > .kt-inside-inner-col{flex-direction:column;}.kadence-column18_22d9b3-8c > .kt-inside-inner-col > .aligncenter{width:100%;}.kadence-column18_22d9b3-8c > .kt-inside-inner-col:before{opacity:0.3;}.kadence-column18_22d9b3-8c{position:relative;}@media all and (max-width: 1024px){.kadence-column18_22d9b3-8c > .kt-inside-inner-col{flex-direction:column;justify-content:center;}}@media all and (max-width: 767px){.kadence-column18_22d9b3-8c > .kt-inside-inner-col{flex-direction:column;justify-content:center;}}<\/style>\n<div class=\"wp-block-kadence-column kadence-column18_22d9b3-8c\"><div class=\"kt-inside-inner-col\"><style>.wp-block-kadence-advancedheading.kt-adv-heading18_39f7ec-70, .wp-block-kadence-advancedheading.kt-adv-heading18_39f7ec-70[data-kb-block=\"kb-adv-heading18_39f7ec-70\"]{font-style:normal;}.wp-block-kadence-advancedheading.kt-adv-heading18_39f7ec-70 mark.kt-highlight, .wp-block-kadence-advancedheading.kt-adv-heading18_39f7ec-70[data-kb-block=\"kb-adv-heading18_39f7ec-70\"] mark.kt-highlight{font-style:normal;color:#f76a0c;-webkit-box-decoration-break:clone;box-decoration-break:clone;padding-top:0px;padding-right:0px;padding-bottom:0px;padding-left:0px;}.wp-block-kadence-advancedheading.kt-adv-heading18_39f7ec-70 img.kb-inline-image, .wp-block-kadence-advancedheading.kt-adv-heading18_39f7ec-70[data-kb-block=\"kb-adv-heading18_39f7ec-70\"] img.kb-inline-image{width:150px;vertical-align:baseline;}<\/style>\n<h2 class=\"kt-adv-heading18_39f7ec-70 wp-block-kadence-advancedheading\" data-kb-block=\"kb-adv-heading18_39f7ec-70\">Misja naszej firmy<\/h2>\n\n\n\n<p>Wyznaczamy standardy zdrowego, przyjaznego i efektywnego miejsca pracy biurowej. To jest nasza misja i wyzwanie. Mamy g\u0142owy pe\u0142ne pomys\u0142\u00f3w i chcieliby\u015bmy si\u0119 tym dzieli\u0107 z innymi. Nie stawiamy sobie \u017cadnych ogranicze\u0144. Jeste\u015bmy otwarci i pe\u0142ni optymizmu. SKY IS THE LIMIT !&nbsp;<\/p>\n\n\n\n<p>Chcemy by\u0107 ekspertem w zakresie wzornictwa i ergonomii mebli biurowych. W zwi\u0105zku z tym nieustannie badamy szybko zmieniaj\u0105ce si\u0119 wymagania i oczekiwania ludzi i pracujemy nad rozwi\u0105zaniami, kt\u00f3re b\u0119d\u0105 u\u0142atwia\u0107 im realizacj\u0119 ich zada\u0144, a jednocze\u015bnie b\u0119d\u0105 cieszy\u0107 oko i budowa\u0107 mi\u0142\u0105 atmosfer\u0119 pracy\u2026<\/p>\n\n\n\n<p>\u201eModa przemija, a styl pozostaje\u201d (Coco Chanel)<\/p>\n<\/div><\/div>\n\n<\/div><\/div>\n\n<style>.kb-row-layout-id18_1cebd9-6a > .kt-row-column-wrap{align-content:start;}:where(.kb-row-layout-id18_1cebd9-6a > .kt-row-column-wrap) > .wp-block-kadence-column{justify-content:start;}.kb-row-layout-id18_1cebd9-6a > .kt-row-column-wrap{column-gap:var(--global-kb-gap-md, 2rem);row-gap:var(--global-kb-gap-md, 2rem);max-width:var( --global-content-width, 1290px );padding-left:var(--global-content-edge-padding);padding-right:var(--global-content-edge-padding);padding-top:var(--global-kb-spacing-xl, 4rem);padding-bottom:var(--global-kb-spacing-xl, 4rem);grid-template-columns:minmax(0, 1fr);}.kb-row-layout-id18_1cebd9-6a > .kt-row-layout-overlay{opacity:0.30;}@media all and (max-width: 1024px){.kb-row-layout-id18_1cebd9-6a > .kt-row-column-wrap{grid-template-columns:minmax(0, 1fr);}}@media all and (max-width: 767px){.kb-row-layout-id18_1cebd9-6a > .kt-row-column-wrap{grid-template-columns:minmax(0, 1fr);}}<\/style><div class=\"kb-row-layout-wrap kb-row-layout-id18_1cebd9-6a alignnone has-theme-palette7-background-color kt-row-has-bg wp-block-kadence-rowlayout\"><div class=\"kt-row-column-wrap kt-has-1-columns kt-row-layout-equal kt-tab-layout-inherit kt-mobile-layout-row kt-row-valign-top kb-theme-content-width\">\n<style>.kadence-column18_97895b-8c > .kt-inside-inner-col,.kadence-column18_97895b-8c > .kt-inside-inner-col:before{border-top-left-radius:0px;border-top-right-radius:0px;border-bottom-right-radius:0px;border-bottom-left-radius:0px;}.kadence-column18_97895b-8c > .kt-inside-inner-col{column-gap:var(--global-kb-gap-sm, 1rem);}.kadence-column18_97895b-8c > .kt-inside-inner-col{flex-direction:column;}.kadence-column18_97895b-8c > .kt-inside-inner-col > .aligncenter{width:100%;}.kadence-column18_97895b-8c > .kt-inside-inner-col:before{opacity:0.3;}.kadence-column18_97895b-8c{position:relative;}@media all and (max-width: 1024px){.kadence-column18_97895b-8c > .kt-inside-inner-col{flex-direction:column;justify-content:center;}}@media all and (max-width: 767px){.kadence-column18_97895b-8c > .kt-inside-inner-col{flex-direction:column;justify-content:center;}}<\/style>\n<div class=\"wp-block-kadence-column kadence-column18_97895b-8c\"><div class=\"kt-inside-inner-col\"><style>.wp-block-kadence-advancedheading.kt-adv-heading18_9695c3-4d, .wp-block-kadence-advancedheading.kt-adv-heading18_9695c3-4d[data-kb-block=\"kb-adv-heading18_9695c3-4d\"]{font-style:normal;}.wp-block-kadence-advancedheading.kt-adv-heading18_9695c3-4d mark.kt-highlight, .wp-block-kadence-advancedheading.kt-adv-heading18_9695c3-4d[data-kb-block=\"kb-adv-heading18_9695c3-4d\"] mark.kt-highlight{font-style:normal;color:#f76a0c;-webkit-box-decoration-break:clone;box-decoration-break:clone;padding-top:0px;padding-right:0px;padding-bottom:0px;padding-left:0px;}.wp-block-kadence-advancedheading.kt-adv-heading18_9695c3-4d img.kb-inline-image, .wp-block-kadence-advancedheading.kt-adv-heading18_9695c3-4d[data-kb-block=\"kb-adv-heading18_9695c3-4d\"] img.kb-inline-image{width:150px;vertical-align:baseline;}<\/style>\n<h2 class=\"kt-adv-heading18_9695c3-4d wp-block-kadence-advancedheading\" data-kb-block=\"kb-adv-heading18_9695c3-4d\">Czym jest dla nas design ?<\/h2>\n\n\n\n<p>Pod\u0105\u017caj\u0105c tym tropem, POLMARCO dok\u0142ada wszelkich stara\u0144, aby oferowane linie mebli by\u0142y innowacyjne i zgodne z najnowszymi trendami we wzornictwie, a jednocze\u015bnie spe\u0142nia\u0142y wymogi ergonomiczne i normatywne. Naszym wyzwaniem jest tworzenie rozwi\u0105za\u0144, kt\u00f3re u\u0142atwiaj\u0105 prac\u0119 i jednocze\u015bnie tworz\u0105 przyjazn\u0105 atmosfer\u0119 w \u015brodowisku pracy. Ogromn\u0105 wag\u0119 przyk\u0142adamy do innowacyjno\u015bci i funkcjonalno\u015bci naszych produkt\u00f3w \u2013 jest to jedna z naszych podstawowych warto\u015bci.<\/p>\n\n\n\n<p>Zesp\u00f3\u0142 projektowy POLMARCO sk\u0142ada si\u0119 z do\u015bwiadczonej kadry in\u017cynierskiej oraz os\u00f3b wchodz\u0105cych dopiero na swoj\u0105 \u015bcie\u017ck\u0119 zawodow\u0105. Daj\u0105c mo\u017cliwo\u015b\u0107 rozwoju i zdobycia do\u015bwiadczenia m\u0142odym ludziom, otrzymujemy \u015bwie\u017ce pomys\u0142y. Mamy otwarte umys\u0142y i poszukujemy nietuzinkowych rozwi\u0105za\u0144 konstrukcyjnych i funkcjonalnych, kt\u00f3re b\u0119d\u0105 wyr\u00f3\u017cnia\u0107 si\u0119 na rynku.<\/p>\n\n\n\n<p>\u201eBawimy si\u0119 produktem\u201d i daje nam to niesamowit\u0105 frajd\u0119\u2026<\/p>\n<\/div><\/div>\n\n<\/div><\/div>","protected":false},"excerpt":{"rendered":"<p>About us We are a company based in northern Poland that is dedicated to creating standards for a healthy and efficient office workplace and manufacturing furniture tailored to these standards.We put the user's needs first and then create innovative products tailored to these needs. Our ambition is to create innovative functional solutions that help people stay healthy and facilitate their...<\/p>","protected":false},"author":1,"featured_media":0,"parent":0,"menu_order":0,"comment_status":"closed","ping_status":"closed","template":"","meta":{"_acf_changed":false,"_kad_blocks_custom_css":"","_kad_blocks_head_custom_js":"","_kad_blocks_body_custom_js":"","_kad_blocks_footer_custom_js":"","_kad_post_transparent":"","_kad_post_title":"","_kad_post_layout":"","_kad_post_sidebar_id":"","_kad_post_content_style":"","_kad_post_vertical_padding":"","_kad_post_feature":"","_kad_post_feature_position":"","_kad_post_header":false,"_kad_post_footer":false,"_kad_post_classname":"","footnotes":""},"class_list":["post-18","page","type-page","status-publish","hentry"],"acf":[],"taxonomy_info":[],"featured_image_src_large":false,"author_info":{"display_name":"michal","author_link":"https:\/\/polmarco.pl\/en\/author\/michal\/"},"comment_info":0,"_links":{"self":[{"href":"https:\/\/polmarco.pl\/en\/wp-json\/wp\/v2\/pages\/18","targetHints":{"allow":["GET"]}}],"collection":[{"href":"https:\/\/polmarco.pl\/en\/wp-json\/wp\/v2\/pages"}],"about":[{"href":"https:\/\/polmarco.pl\/en\/wp-json\/wp\/v2\/types\/page"}],"author":[{"embeddable":true,"href":"https:\/\/polmarco.pl\/en\/wp-json\/wp\/v2\/users\/1"}],"replies":[{"embeddable":true,"href":"https:\/\/polmarco.pl\/en\/wp-json\/wp\/v2\/comments?post=18"}],"version-history":[{"count":2,"href":"https:\/\/polmarco.pl\/en\/wp-json\/wp\/v2\/pages\/18\/revisions"}],"predecessor-version":[{"id":881,"href":"https:\/\/polmarco.pl\/en\/wp-json\/wp\/v2\/pages\/18\/revisions\/881"}],"wp:attachment":[{"href":"https:\/\/polmarco.pl\/en\/wp-json\/wp\/v2\/media?parent=18"}],"curies":[{"name":"wp","href":"https:\/\/api.w.org\/{rel}","templated":true}]}}