{"id":16,"date":"2024-08-23T09:05:17","date_gmt":"2024-08-23T09:05:17","guid":{"rendered":"https:\/\/polmarco.pl\/?page_id=16"},"modified":"2024-11-06T12:27:02","modified_gmt":"2024-11-06T11:27:02","slug":"home","status":"publish","type":"page","link":"https:\/\/polmarco.pl\/en\/","title":{"rendered":"Home"},"content":{"rendered":"<style>.kb-row-layout-id16_c9b2b8-e3 > .kt-row-column-wrap{align-content:end;}:where(.kb-row-layout-id16_c9b2b8-e3 > .kt-row-column-wrap) > .wp-block-kadence-column{justify-content:end;}.kb-row-layout-id16_c9b2b8-e3 > .kt-row-column-wrap{column-gap:var(--global-kb-gap-md, 2rem);row-gap:var(--global-kb-gap-md, 2rem);padding-top:var(--global-kb-spacing-sm, 1.5rem);padding-bottom:var(--global-kb-spacing-sm, 1.5rem);min-height:100vh;grid-template-columns:minmax(0, 1fr);}.kb-row-layout-id16_c9b2b8-e3 > .kt-row-layout-overlay{opacity:0.30;}@media all and (max-width: 1024px){.kb-row-layout-id16_c9b2b8-e3 > .kt-row-column-wrap{grid-template-columns:minmax(0, 1fr);}}@media all and (max-width: 767px){.kb-row-layout-id16_c9b2b8-e3 > .kt-row-column-wrap{grid-template-columns:minmax(0, 1fr);}}<\/style><div class=\"kb-row-layout-wrap kb-row-layout-id16_c9b2b8-e3 alignnone wp-block-kadence-rowlayout\"><div class=\"kt-blocks-carousel kb-blocks-bg-slider kt-carousel-container-dotstyle-none\"><div class=\"kt-blocks-carousel-init splide kb-blocks-bg-slider-init kt-carousel-arrowstyle-outlineblack kt-carousel-dotstyle-none\" data-slider-anim-speed=\"1200\" data-slider-type=\"slider\" data-slider-scroll=\"1\" data-slider-arrows=\"true\" data-slider-fade=\"true\" data-slider-dots=\"false\" data-slider-hover-pause=\"false\" data-slider-auto=\"true\" data-slider-speed=\"7000\" data-show-pause-button=\"false\"><div class=\"splide__track\"><ul class=\"splide__list\"><li class=\"splide__slide kb-bg-slide-contain\"><div  class=\"kb-bg-slide kb-bg-slide-0\" style=\"background-image:url(http:\/\/polmarco.pl\/wp-content\/uploads\/2024\/08\/Slajd_1hi.jpg); background-size:cover; background-position:center center; background-repeat:no-repeat;\"><\/div><\/li><li class=\"splide__slide kb-bg-slide-contain\"><div  class=\"kb-bg-slide kb-bg-slide-1\" style=\"background-image:url(http:\/\/polmarco.pl\/wp-content\/uploads\/2024\/08\/Slajd_2hi.jpg); background-size:cover; background-position:center center; background-repeat:no-repeat;\"><\/div><\/li><li class=\"splide__slide kb-bg-slide-contain\"><div  class=\"kb-bg-slide kb-bg-slide-2\" style=\"background-image:url(http:\/\/polmarco.pl\/wp-content\/uploads\/2024\/08\/Slajd_3hi.jpg); background-size:cover; background-position:center center; background-repeat:no-repeat;\"><\/div><\/li><\/ul><\/div><\/div><\/div><div class=\"kt-row-column-wrap kt-has-1-columns kt-row-layout-equal kt-tab-layout-inherit kt-mobile-layout-row kt-row-valign-bottom\">\n<style>.kadence-column16_f99f68-2e > .kt-inside-inner-col{padding-bottom:var(--global-kb-spacing-xl, 4rem);padding-left:var(--global-kb-spacing-xl, 4rem);}.kadence-column16_f99f68-2e > .kt-inside-inner-col,.kadence-column16_f99f68-2e > .kt-inside-inner-col:before{border-top-left-radius:0px;border-top-right-radius:0px;border-bottom-right-radius:0px;border-bottom-left-radius:0px;}.kadence-column16_f99f68-2e > .kt-inside-inner-col{column-gap:var(--global-kb-gap-sm, 1rem);}.kadence-column16_f99f68-2e > .kt-inside-inner-col{flex-direction:column;}.kadence-column16_f99f68-2e > .kt-inside-inner-col > .aligncenter{width:100%;}.kadence-column16_f99f68-2e > .kt-inside-inner-col:before{opacity:0.3;}.kadence-column16_f99f68-2e{position:relative;}@media all and (max-width: 1024px){.kadence-column16_f99f68-2e > .kt-inside-inner-col{flex-direction:column;justify-content:center;}}@media all and (max-width: 767px){.kadence-column16_f99f68-2e > .kt-inside-inner-col{padding-left:var(--global-kb-spacing-xxs, 0.5rem);flex-direction:column;justify-content:center;}}<\/style>\n<div class=\"wp-block-kadence-column kadence-column16_f99f68-2e\"><div class=\"kt-inside-inner-col\"><style>.wp-block-kadence-advancedheading.kt-adv-heading16_161019-c4, .wp-block-kadence-advancedheading.kt-adv-heading16_161019-c4[data-kb-block=\"kb-adv-heading16_161019-c4\"]{font-style:normal;text-shadow:0px 0px 2px var(--global-palette3, #1A202C);}.wp-block-kadence-advancedheading.kt-adv-heading16_161019-c4 mark.kt-highlight, .wp-block-kadence-advancedheading.kt-adv-heading16_161019-c4[data-kb-block=\"kb-adv-heading16_161019-c4\"] mark.kt-highlight{font-style:normal;color:#f76a0c;-webkit-box-decoration-break:clone;box-decoration-break:clone;padding-top:0px;padding-right:0px;padding-bottom:0px;padding-left:0px;}.wp-block-kadence-advancedheading.kt-adv-heading16_161019-c4 img.kb-inline-image, .wp-block-kadence-advancedheading.kt-adv-heading16_161019-c4[data-kb-block=\"kb-adv-heading16_161019-c4\"] img.kb-inline-image{width:150px;vertical-align:baseline;}@media all and (max-width: 1024px){.wp-block-kadence-advancedheading.kt-adv-heading16_161019-c4, .wp-block-kadence-advancedheading.kt-adv-heading16_161019-c4[data-kb-block=\"kb-adv-heading16_161019-c4\"]{text-shadow:0px 0px 2px var(--global-palette3, #1A202C);}}@media all and (max-width: 767px){.wp-block-kadence-advancedheading.kt-adv-heading16_161019-c4, .wp-block-kadence-advancedheading.kt-adv-heading16_161019-c4[data-kb-block=\"kb-adv-heading16_161019-c4\"]{text-shadow:0px 0px 2px var(--global-palette3, #1A202C);}}<\/style>\n<h1 class=\"kt-adv-heading16_161019-c4 wp-block-kadence-advancedheading has-theme-palette-9-color has-text-color\" data-kb-block=\"kb-adv-heading16_161019-c4\">Meble, kt\u00f3re usprawniaj\u0105 prac\u0119<\/h1>\n<\/div><\/div>\n\n<\/div><\/div>\n\n<style>.kb-row-layout-id16_40a98f-48 > .kt-row-column-wrap{align-content:start;}:where(.kb-row-layout-id16_40a98f-48 > .kt-row-column-wrap) > .wp-block-kadence-column{justify-content:start;}.kb-row-layout-id16_40a98f-48 > .kt-row-column-wrap{column-gap:var(--global-kb-gap-md, 2rem);row-gap:var(--global-kb-gap-md, 2rem);max-width:90%;margin-left:auto;margin-right:auto;padding-top:var(--global-kb-spacing-md, 2rem);padding-bottom:0px;grid-template-columns:minmax(0, calc(35% - ((var(--global-kb-gap-md, 2rem) * 1 )\/2)))minmax(0, calc(65% - ((var(--global-kb-gap-md, 2rem) * 1 )\/2)));}.kb-row-layout-id16_40a98f-48 > .kt-row-layout-overlay{opacity:0.30;}@media all and (max-width: 1024px){.kb-row-layout-id16_40a98f-48 > .kt-row-column-wrap{grid-template-columns:minmax(0, 1fr);}}@media all and (max-width: 767px){.kb-row-layout-id16_40a98f-48 > .kt-row-column-wrap{grid-template-columns:minmax(0, 1fr);}}<\/style><div class=\"kb-row-layout-wrap kb-row-layout-id16_40a98f-48 alignnone wp-block-kadence-rowlayout\"><div class=\"kt-row-column-wrap kt-has-2-columns kt-row-layout-equal kt-tab-layout-row kt-mobile-layout-row kt-row-valign-top kt-inner-column-height-full\">\n<style>.kadence-column16_fb0df3-fc > .kt-inside-inner-col,.kadence-column16_fb0df3-fc > .kt-inside-inner-col:before{border-top-left-radius:0px;border-top-right-radius:0px;border-bottom-right-radius:0px;border-bottom-left-radius:0px;}.kadence-column16_fb0df3-fc > .kt-inside-inner-col{column-gap:var(--global-kb-gap-sm, 1rem);}.kadence-column16_fb0df3-fc > .kt-inside-inner-col{flex-direction:column;}.kadence-column16_fb0df3-fc > .kt-inside-inner-col > .aligncenter{width:100%;}.kadence-column16_fb0df3-fc > .kt-inside-inner-col:before{opacity:0.3;}.kadence-column16_fb0df3-fc{position:relative;}@media all and (max-width: 1024px){.kadence-column16_fb0df3-fc > .kt-inside-inner-col{flex-direction:column;justify-content:center;}}@media all and (max-width: 767px){.kadence-column16_fb0df3-fc > .kt-inside-inner-col{flex-direction:column;justify-content:center;}}<\/style>\n<div class=\"wp-block-kadence-column kadence-column16_fb0df3-fc\"><div class=\"kt-inside-inner-col\"><style>.kb-row-layout-id16_c6cbda-b2 > .kt-row-column-wrap{align-content:start;}:where(.kb-row-layout-id16_c6cbda-b2 > .kt-row-column-wrap) > .wp-block-kadence-column{justify-content:start;}.kb-row-layout-id16_c6cbda-b2 > .kt-row-column-wrap{column-gap:var(--global-kb-gap-md, 2rem);row-gap:var(--global-kb-gap-md, 2rem);padding-top:0px;padding-bottom:0px;grid-template-columns:minmax(0, 1fr);}.kb-row-layout-id16_c6cbda-b2 > .kt-row-layout-overlay{opacity:0.30;}@media all and (max-width: 1024px){.kb-row-layout-id16_c6cbda-b2 > .kt-row-column-wrap{grid-template-columns:minmax(0, 1fr);}}@media all and (max-width: 767px){.kb-row-layout-id16_c6cbda-b2 > .kt-row-column-wrap{grid-template-columns:minmax(0, 1fr);}}<\/style><div class=\"kb-row-layout-wrap kb-row-layout-id16_c6cbda-b2 alignnone wp-block-kadence-rowlayout\"><div class=\"kt-row-column-wrap kt-has-2-columns kt-row-layout-row kt-tab-layout-inherit kt-mobile-layout-row kt-row-valign-top kt-inner-column-height-full\">\n<style>.kadence-column16_8cdf33-98 > .kt-inside-inner-col{min-height:350px;}.kadence-column16_8cdf33-98 > .kt-inside-inner-col,.kadence-column16_8cdf33-98 > .kt-inside-inner-col:before{border-top-left-radius:0px;border-top-right-radius:0px;border-bottom-right-radius:0px;border-bottom-left-radius:0px;}.kadence-column16_8cdf33-98 > .kt-inside-inner-col{column-gap:var(--global-kb-gap-sm, 1rem);}.kadence-column16_8cdf33-98 > .kt-inside-inner-col{flex-direction:column;}.kadence-column16_8cdf33-98 > .kt-inside-inner-col > .aligncenter{width:100%;}.kadence-column16_8cdf33-98 > .kt-inside-inner-col{background-image:url('https:\/\/polmarco.pl\/wp-content\/uploads\/2024\/08\/Glowna_DUO_N-768x461.jpg');background-size:cover;background-position:center center;background-attachment:scroll;background-repeat:no-repeat;}.kadence-column16_8cdf33-98 > .kt-inside-inner-col:before{opacity:0.3;}.kadence-column16_8cdf33-98:hover > .kt-inside-inner-col:before{background-color:var(--global-palette3, #1A202C);background-image:none;}.kadence-column16_8cdf33-98{position:relative;}@media all and (max-width: 1024px){.kadence-column16_8cdf33-98 > .kt-inside-inner-col{min-height:400px;flex-direction:column;justify-content:center;}}@media all and (max-width: 767px){.kadence-column16_8cdf33-98 > .kt-inside-inner-col{min-height:230px;flex-direction:column;justify-content:center;}}<\/style>\n<div class=\"wp-block-kadence-column kadence-column16_8cdf33-98 kb-section-has-link kb-section-has-overlay\"><div class=\"kt-inside-inner-col\"><\/div><a href=\"https:\/\/polmarco.pl\/produkt\/duo-n\/\" class=\"kb-section-link-overlay\"><\/a><\/div>\n\n\n<style>.kadence-column16_270c9d-06 > .kt-inside-inner-col{padding-bottom:0px;}.kadence-column16_270c9d-06 > .kt-inside-inner-col{min-height:350px;}.kadence-column16_270c9d-06 > .kt-inside-inner-col,.kadence-column16_270c9d-06 > .kt-inside-inner-col:before{border-top-left-radius:0px;border-top-right-radius:0px;border-bottom-right-radius:0px;border-bottom-left-radius:0px;}.kadence-column16_270c9d-06 > .kt-inside-inner-col{column-gap:var(--global-kb-gap-sm, 1rem);}.kadence-column16_270c9d-06 > .kt-inside-inner-col{flex-direction:column;}.kadence-column16_270c9d-06 > .kt-inside-inner-col > .aligncenter{width:100%;}.kadence-column16_270c9d-06 > .kt-inside-inner-col{background-image:url('https:\/\/polmarco.pl\/wp-content\/uploads\/2024\/08\/Lada_inup-768x480.jpg');background-size:cover;background-position:48% 64%;background-attachment:scroll;background-repeat:no-repeat;}.kadence-column16_270c9d-06 > .kt-inside-inner-col:before{opacity:0.3;}.kadence-column16_270c9d-06:hover > .kt-inside-inner-col:before{background-color:var(--global-palette3, #1A202C);background-image:none;}.kadence-column16_270c9d-06{position:relative;}.kadence-column16_270c9d-06, .kt-inside-inner-col > .kadence-column16_270c9d-06:not(.specificity){margin-bottom:0px;}@media all and (max-width: 1024px){.kadence-column16_270c9d-06 > .kt-inside-inner-col{min-height:400px;flex-direction:column;justify-content:center;}}@media all and (max-width: 767px){.kadence-column16_270c9d-06 > .kt-inside-inner-col{min-height:230px;flex-direction:column;justify-content:center;}}<\/style>\n<div class=\"wp-block-kadence-column kadence-column16_270c9d-06 kb-section-has-link kb-section-has-overlay\"><div class=\"kt-inside-inner-col\"><\/div><a href=\"https:\/\/polmarco.pl\/produkt\/lada-inup\/\" class=\"kb-section-link-overlay\"><\/a><\/div>\n\n<\/div><\/div><\/div><\/div>\n\n\n<style>.kadence-column16_dacbc6-84 > .kt-inside-inner-col{padding-top:0px;padding-bottom:0px;}.kadence-column16_dacbc6-84 > .kt-inside-inner-col,.kadence-column16_dacbc6-84 > .kt-inside-inner-col:before{border-top-left-radius:0px;border-top-right-radius:0px;border-bottom-right-radius:0px;border-bottom-left-radius:0px;}.kadence-column16_dacbc6-84 > .kt-inside-inner-col{column-gap:var(--global-kb-gap-sm, 1rem);}.kadence-column16_dacbc6-84 > .kt-inside-inner-col{flex-direction:column;}.kadence-column16_dacbc6-84 > .kt-inside-inner-col > .aligncenter{width:100%;}.kadence-column16_dacbc6-84 > .kt-inside-inner-col{background-image:url('https:\/\/polmarco.pl\/wp-content\/uploads\/2024\/08\/Glowna_LOFT.jpg');background-size:cover;background-position:center center;background-attachment:scroll;background-repeat:no-repeat;}.kadence-column16_dacbc6-84 > .kt-inside-inner-col:before{opacity:0.3;}.kadence-column16_dacbc6-84:hover > .kt-inside-inner-col:before{background-color:var(--global-palette3, #1A202C);background-image:none;}.kadence-column16_dacbc6-84{position:relative;}@media all and (max-width: 1024px){.kadence-column16_dacbc6-84 > .kt-inside-inner-col{min-height:400px;flex-direction:column;justify-content:center;}}@media all and (max-width: 767px){.kadence-column16_dacbc6-84 > .kt-inside-inner-col{min-height:230px;flex-direction:column;justify-content:center;}}<\/style>\n<div class=\"wp-block-kadence-column kadence-column16_dacbc6-84 kb-section-has-link kb-section-has-overlay\"><div class=\"kt-inside-inner-col\"><\/div><a href=\"https:\/\/polmarco.pl\/produkt\/loft\/\" class=\"kb-section-link-overlay\"><\/a><\/div>\n\n<\/div><\/div>\n\n<style>.kb-row-layout-id16_12cb4e-5e > .kt-row-column-wrap{align-content:end;}:where(.kb-row-layout-id16_12cb4e-5e > .kt-row-column-wrap) > .wp-block-kadence-column{justify-content:end;}.kb-row-layout-id16_12cb4e-5e > .kt-row-column-wrap{column-gap:var(--global-kb-gap-md, 2rem);row-gap:var(--global-kb-gap-md, 2rem);max-width:90%;margin-left:auto;margin-right:auto;padding-top:var(--global-kb-spacing-sm, 1.5rem);padding-bottom:var(--global-kb-spacing-sm, 1.5rem);grid-template-columns:repeat(2, minmax(0, 1fr));}.kb-row-layout-id16_12cb4e-5e > .kt-row-layout-overlay{opacity:0.30;}@media all and (max-width: 1024px){.kb-row-layout-id16_12cb4e-5e > .kt-row-column-wrap{grid-template-columns:minmax(0, 1fr);}}@media all and (max-width: 767px){.kb-row-layout-id16_12cb4e-5e > .kt-row-column-wrap{grid-template-columns:minmax(0, 1fr);}}<\/style><div class=\"kb-row-layout-wrap kb-row-layout-id16_12cb4e-5e alignnone wp-block-kadence-rowlayout\"><div class=\"kt-row-column-wrap kt-has-2-columns kt-row-layout-equal kt-tab-layout-row kt-mobile-layout-row kt-row-valign-bottom\">\n<style>.kadence-column16_49c37a-2a > .kt-inside-inner-col,.kadence-column16_49c37a-2a > .kt-inside-inner-col:before{border-top-left-radius:0px;border-top-right-radius:0px;border-bottom-right-radius:0px;border-bottom-left-radius:0px;}.kadence-column16_49c37a-2a > .kt-inside-inner-col{column-gap:var(--global-kb-gap-sm, 1rem);}.kadence-column16_49c37a-2a > .kt-inside-inner-col{flex-direction:column;}.kadence-column16_49c37a-2a > .kt-inside-inner-col > .aligncenter{width:100%;}.kadence-column16_49c37a-2a > .kt-inside-inner-col:before{opacity:0.3;}.kadence-column16_49c37a-2a{position:relative;}@media all and (max-width: 1024px){.kadence-column16_49c37a-2a > .kt-inside-inner-col{flex-direction:column;justify-content:center;}}@media all and (max-width: 767px){.kadence-column16_49c37a-2a > .kt-inside-inner-col{flex-direction:column;justify-content:center;}}<\/style>\n<div class=\"wp-block-kadence-column kadence-column16_49c37a-2a\"><div class=\"kt-inside-inner-col\">\n<figure class=\"wp-block-video\"><video height=\"576\" style=\"aspect-ratio: 676 \/ 576;\" width=\"676\" autoplay controls loop muted src=\"http:\/\/polmarco.pl\/wp-content\/uploads\/2024\/08\/Loft-Animacja-1.mp4\" playsinline><\/video><\/figure>\n<\/div><\/div>\n\n\n<style>.kadence-column16_2a561a-20 > .kt-inside-inner-col,.kadence-column16_2a561a-20 > .kt-inside-inner-col:before{border-top-left-radius:0px;border-top-right-radius:0px;border-bottom-right-radius:0px;border-bottom-left-radius:0px;}.kadence-column16_2a561a-20 > .kt-inside-inner-col{column-gap:var(--global-kb-gap-sm, 1rem);}.kadence-column16_2a561a-20 > .kt-inside-inner-col{flex-direction:column;}.kadence-column16_2a561a-20 > .kt-inside-inner-col > .aligncenter{width:100%;}.kadence-column16_2a561a-20 > .kt-inside-inner-col:before{opacity:0.3;}.kadence-column16_2a561a-20{position:relative;}@media all and (max-width: 1024px){.kadence-column16_2a561a-20 > .kt-inside-inner-col{flex-direction:column;justify-content:center;}}@media all and (max-width: 767px){.kadence-column16_2a561a-20 > .kt-inside-inner-col{flex-direction:column;justify-content:center;}}<\/style>\n<div class=\"wp-block-kadence-column kadence-column16_2a561a-20\"><div class=\"kt-inside-inner-col\">\n<figure class=\"wp-block-video\"><video height=\"1080\" style=\"aspect-ratio: 1920 \/ 1080;\" width=\"1920\" autoplay controls loop muted src=\"https:\/\/polmarco.pl\/wp-content\/uploads\/2024\/11\/Szafy-Animacja-2m.mp4\" playsinline><\/video><\/figure>\n<\/div><\/div>\n\n<\/div><\/div>\n\n<style>.kb-row-layout-id16_fe16b2-1a > .kt-row-column-wrap{align-content:start;}:where(.kb-row-layout-id16_fe16b2-1a > .kt-row-column-wrap) > .wp-block-kadence-column{justify-content:start;}.kb-row-layout-id16_fe16b2-1a > .kt-row-column-wrap{column-gap:var(--global-kb-gap-md, 2rem);row-gap:var(--global-kb-gap-md, 2rem);max-width:90%;margin-left:auto;margin-right:auto;padding-top:var(--global-kb-spacing-sm, 1.5rem);padding-right:var(--global-kb-spacing-xxs, 0.5rem);padding-bottom:var(--global-kb-spacing-md, 2rem);padding-left:var(--global-kb-spacing-xxs, 0.5rem);grid-template-columns:minmax(0, 1fr);}.kb-row-layout-id16_fe16b2-1a > .kt-row-layout-overlay{opacity:0.30;}@media all and (max-width: 1024px){.kb-row-layout-id16_fe16b2-1a > .kt-row-column-wrap{grid-template-columns:minmax(0, 1fr);}}@media all and (max-width: 767px){.kb-row-layout-id16_fe16b2-1a > .kt-row-column-wrap{grid-template-columns:minmax(0, 1fr);}}<\/style><div class=\"kb-row-layout-wrap kb-row-layout-id16_fe16b2-1a alignnone wp-block-kadence-rowlayout\"><div class=\"kt-row-column-wrap kt-has-1-columns kt-row-layout-equal kt-tab-layout-inherit kt-mobile-layout-row kt-row-valign-top\">\n<style>.kadence-column16_cb6b70-d8 > .kt-inside-inner-col,.kadence-column16_cb6b70-d8 > .kt-inside-inner-col:before{border-top-left-radius:0px;border-top-right-radius:0px;border-bottom-right-radius:0px;border-bottom-left-radius:0px;}.kadence-column16_cb6b70-d8 > .kt-inside-inner-col{column-gap:var(--global-kb-gap-sm, 1rem);}.kadence-column16_cb6b70-d8 > .kt-inside-inner-col{flex-direction:column;}.kadence-column16_cb6b70-d8 > .kt-inside-inner-col > .aligncenter{width:100%;}.kadence-column16_cb6b70-d8 > .kt-inside-inner-col:before{opacity:0.3;}.kadence-column16_cb6b70-d8{position:relative;}@media all and (max-width: 1024px){.kadence-column16_cb6b70-d8 > .kt-inside-inner-col{flex-direction:column;justify-content:center;}}@media all and (max-width: 767px){.kadence-column16_cb6b70-d8 > .kt-inside-inner-col{flex-direction:column;justify-content:center;}}<\/style>\n<div class=\"wp-block-kadence-column kadence-column16_cb6b70-d8\"><div class=\"kt-inside-inner-col\">\n<p><strong>Jeste\u015bmy firm\u0105 pochodz\u0105c\u0105 z p\u00f3\u0142nocnej Polski<\/strong>, kt\u00f3ra zajmuje si\u0119 kreowaniem standard\u00f3w zdrowego i efektywnego miejsca pracy biurowej oraz produkcj\u0105 mebli dostosowanych do tych standard\u00f3w. Na pierwszym miejscu stawiamy potrzeby u\u017cytkownika, a nast\u0119pnie tworzymy innowacyjne produkty dostosowane do tych potrzeb. Nasz\u0105 ambicj\u0105 jest tworzenie nowatorskich rozwi\u0105za\u0144 funkcjonalnych, kt\u00f3re pomagaj\u0105 ludziom zachowa\u0107 zdrowie i u\u0142atwiaj\u0105 im prac\u0119. Koncepcj\u0119 t\u0105 realizujemy poprzez wsp\u00f3lne dzia\u0142anie z naszymi partnerami. Odnosimy sukcesy, poniewa\u017c si\u0119 wzajemnie szanujemy, wspieramy i cieszymy z ka\u017cdego nowego wyzwania.<\/p>\n<\/div><\/div>\n\n<\/div><\/div>","protected":false},"excerpt":{"rendered":"<p>Furniture that improves the way you work We are a company based in northern Poland that is dedicated to creating standards for a healthy and efficient office workplace and producing furniture that is tailored to these standards. We put the user's needs first and then create innovative products tailored to these needs. Our ambition is to create innovative functional solutions that help people stay healthy....<\/p>","protected":false},"author":1,"featured_media":0,"parent":0,"menu_order":0,"comment_status":"closed","ping_status":"closed","template":"","meta":{"_acf_changed":false,"_kad_blocks_custom_css":"","_kad_blocks_head_custom_js":"","_kad_blocks_body_custom_js":"","_kad_blocks_footer_custom_js":"","_kad_post_transparent":"enable","_kad_post_title":"","_kad_post_layout":"","_kad_post_sidebar_id":"","_kad_post_content_style":"","_kad_post_vertical_padding":"","_kad_post_feature":"","_kad_post_feature_position":"","_kad_post_header":false,"_kad_post_footer":false,"_kad_post_classname":"","footnotes":""},"class_list":["post-16","page","type-page","status-publish","hentry"],"acf":[],"taxonomy_info":[],"featured_image_src_large":false,"author_info":{"display_name":"michal","author_link":"https:\/\/polmarco.pl\/en\/author\/michal\/"},"comment_info":0,"_links":{"self":[{"href":"https:\/\/polmarco.pl\/en\/wp-json\/wp\/v2\/pages\/16","targetHints":{"allow":["GET"]}}],"collection":[{"href":"https:\/\/polmarco.pl\/en\/wp-json\/wp\/v2\/pages"}],"about":[{"href":"https:\/\/polmarco.pl\/en\/wp-json\/wp\/v2\/types\/page"}],"author":[{"embeddable":true,"href":"https:\/\/polmarco.pl\/en\/wp-json\/wp\/v2\/users\/1"}],"replies":[{"embeddable":true,"href":"https:\/\/polmarco.pl\/en\/wp-json\/wp\/v2\/comments?post=16"}],"version-history":[{"count":8,"href":"https:\/\/polmarco.pl\/en\/wp-json\/wp\/v2\/pages\/16\/revisions"}],"predecessor-version":[{"id":960,"href":"https:\/\/polmarco.pl\/en\/wp-json\/wp\/v2\/pages\/16\/revisions\/960"}],"wp:attachment":[{"href":"https:\/\/polmarco.pl\/en\/wp-json\/wp\/v2\/media?parent=16"}],"curies":[{"name":"wp","href":"https:\/\/api.w.org\/{rel}","templated":true}]}}